{"id":453,"date":"2019-04-08T12:34:33","date_gmt":"2019-04-08T10:34:33","guid":{"rendered":"http:\/\/montserratcabre.es\/?page_id=453"},"modified":"2019-04-29T18:30:14","modified_gmt":"2019-04-29T16:30:14","slug":"el-equipo-osteopatas-del-centro-montserrat-cabre","status":"publish","type":"page","link":"https:\/\/montserratcabre.com\/es\/el-equipo-osteopatas-del-centro-montserrat-cabre\/","title":{"rendered":"El equipo del centro Montserrat Cabr\u00e9"},"content":{"rendered":"\n<h2>El equipo est\u00e1 formado por un grupo de terapeutas multidisciplinarios de diferentes formaciones acad\u00e9micas con el objetivo com\u00fan de ayudar a los pacientes a mejorar su estado de salud.<\/h2>\n\n\n\n<p>Oste\u00f3patas,\nfisioterapeutas y dietista formamos el equipo de especialistas del centro\nde&nbsp;Osteopat\u00eda y Salud Montserrat Cabr\u00e9, que evaluaremos y llevaremos a\ncabo el mejor tratamiento para su dolencia.<\/p>\n\n\n\n<p>Somos un conjunto de\nprofesionales colegiados y experimentados que damos soluci\u00f3n al motivo de su\nvisita, y ofrecemos tratamientos individualizados, para adaptarnos a las\nnecesidades de cada paciente.<\/p>\n\n\n\n<p>Cada facultativo es conocedor de su tarea y trabajamos en conjunto bajo la direcci\u00f3n y coordinaci\u00f3n de la oste\u00f3pata y fisioterapeuta Montserrat Cabr\u00e9, que despu\u00e9s de diez a\u00f1os de experiencia en consulta propia, ha llevado a cabo este proyecto para dar alcance a la localidad de Matar\u00f3 y el Maresme<\/p>\n","protected":false},"excerpt":{"rendered":"<p>El equipo est\u00e1 formado por un grupo de terapeutas multidisciplinarios de diferentes formaciones acad\u00e9micas con el objetivo com\u00fan de ayudar a los pacientes a mejorar su estado de salud. Oste\u00f3patas, [&hellip;]<\/p>\n","protected":false},"author":1,"featured_media":0,"parent":0,"menu_order":0,"comment_status":"closed","ping_status":"closed","template":"template-equip.php","meta":{"inline_featured_image":false,"_joinchat":[]},"yoast_head":"<!-- This site is optimized with the Yoast SEO plugin v19.7.1 - https:\/\/yoast.com\/wordpress\/plugins\/seo\/ -->\n<title>El equipo del centro Montserrat Cabr\u00e9 - Montserrat Cabr\u00e9<\/title>\n<meta name=\"description\" content=\"Somos oste\u00f3patas y fisioterapeutas que formamos el equipo de especialistas que evaluaremos y llevaremos a cabo el mejor tratamiento para su dolencia.\" \/>\n<meta name=\"robots\" content=\"index, follow, max-snippet:-1, max-image-preview:large, max-video-preview:-1\" \/>\n<link rel=\"canonical\" href=\"https:\/\/montserratcabre.com\/es\/el-equipo-osteopatas-del-centro-montserrat-cabre\/\" \/>\n<meta property=\"og:locale\" content=\"es_ES\" \/>\n<meta property=\"og:type\" content=\"article\" \/>\n<meta property=\"og:title\" content=\"El equipo del centro Montserrat Cabr\u00e9 - Montserrat Cabr\u00e9\" \/>\n<meta property=\"og:description\" content=\"Somos oste\u00f3patas y fisioterapeutas que formamos el equipo de especialistas que evaluaremos y llevaremos a cabo el mejor tratamiento para su dolencia.\" \/>\n<meta property=\"og:url\" content=\"https:\/\/montserratcabre.com\/es\/el-equipo-osteopatas-del-centro-montserrat-cabre\/\" \/>\n<meta property=\"og:site_name\" content=\"Montserrat Cabr\u00e9\" \/>\n<meta property=\"article:publisher\" content=\"https:\/\/www.facebook.com\/pages\/category\/Massage-Therapist\/Centre-dOsteopatia-i-Salut-Montserrat-Cabr-770326176510135\/\" \/>\n<meta property=\"article:modified_time\" content=\"2019-04-29T16:30:14+00:00\" \/>\n<meta name=\"twitter:card\" content=\"summary_large_image\" \/>\n<meta name=\"twitter:label1\" content=\"Tiempo de lectura\" \/>\n\t<meta name=\"twitter:data1\" content=\"1 minuto\" \/>\n<script type=\"application\/ld+json\" class=\"yoast-schema-graph\">{\"@context\":\"https:\/\/schema.org\",\"@graph\":[{\"@type\":\"WebPage\",\"@id\":\"https:\/\/montserratcabre.com\/es\/el-equipo-osteopatas-del-centro-montserrat-cabre\/\",\"url\":\"https:\/\/montserratcabre.com\/es\/el-equipo-osteopatas-del-centro-montserrat-cabre\/\",\"name\":\"El equipo del centro Montserrat Cabr\u00e9 - Montserrat Cabr\u00e9\",\"isPartOf\":{\"@id\":\"https:\/\/montserratcabre.com\/es\/#website\"},\"datePublished\":\"2019-04-08T10:34:33+00:00\",\"dateModified\":\"2019-04-29T16:30:14+00:00\",\"description\":\"Somos oste\u00f3patas y fisioterapeutas que formamos el equipo de especialistas que evaluaremos y llevaremos a cabo el mejor tratamiento para su dolencia.\",\"breadcrumb\":{\"@id\":\"https:\/\/montserratcabre.com\/es\/el-equipo-osteopatas-del-centro-montserrat-cabre\/#breadcrumb\"},\"inLanguage\":\"es\",\"potentialAction\":[{\"@type\":\"ReadAction\",\"target\":[\"https:\/\/montserratcabre.com\/es\/el-equipo-osteopatas-del-centro-montserrat-cabre\/\"]}]},{\"@type\":\"BreadcrumbList\",\"@id\":\"https:\/\/montserratcabre.com\/es\/el-equipo-osteopatas-del-centro-montserrat-cabre\/#breadcrumb\",\"itemListElement\":[{\"@type\":\"ListItem\",\"position\":1,\"name\":\"Inici\",\"item\":\"https:\/\/montserratcabre.com\/es\/\"},{\"@type\":\"ListItem\",\"position\":2,\"name\":\"El equipo del centro Montserrat Cabr\u00e9\"}]},{\"@type\":\"WebSite\",\"@id\":\"https:\/\/montserratcabre.com\/es\/#website\",\"url\":\"https:\/\/montserratcabre.com\/es\/\",\"name\":\"Montserrat Cabr\u00e9\",\"description\":\"Osteopatia, fisioter\u00e0pia i nutrici\u00f3\",\"publisher\":{\"@id\":\"https:\/\/montserratcabre.com\/es\/#organization\"},\"potentialAction\":[{\"@type\":\"SearchAction\",\"target\":{\"@type\":\"EntryPoint\",\"urlTemplate\":\"https:\/\/montserratcabre.com\/es\/?s={search_term_string}\"},\"query-input\":\"required name=search_term_string\"}],\"inLanguage\":\"es\"},{\"@type\":\"Organization\",\"@id\":\"https:\/\/montserratcabre.com\/es\/#organization\",\"name\":\"Montserrat Cabr\u00e9\",\"url\":\"https:\/\/montserratcabre.com\/es\/\",\"sameAs\":[\"https:\/\/www.instagram.com\/osteopatiamontserratcabre\/\",\"https:\/\/www.facebook.com\/pages\/category\/Massage-Therapist\/Centre-dOsteopatia-i-Salut-Montserrat-Cabr-770326176510135\/\"],\"logo\":{\"@type\":\"ImageObject\",\"inLanguage\":\"es\",\"@id\":\"https:\/\/montserratcabre.com\/es\/#\/schema\/logo\/image\/\",\"url\":\"https:\/\/montserratcabre.com\/wp-content\/uploads\/2019\/10\/Montserrat-Cabr\u00e8-Rich.jpg\",\"contentUrl\":\"https:\/\/montserratcabre.com\/wp-content\/uploads\/2019\/10\/Montserrat-Cabr\u00e8-Rich.jpg\",\"width\":300,\"height\":300,\"caption\":\"Montserrat Cabr\u00e9\"},\"image\":{\"@id\":\"https:\/\/montserratcabre.com\/es\/#\/schema\/logo\/image\/\"}}]}<\/script>\n<!-- \/ Yoast SEO plugin. -->","yoast_head_json":{"title":"El equipo del centro Montserrat Cabr\u00e9 - Montserrat Cabr\u00e9","description":"Somos oste\u00f3patas y fisioterapeutas que formamos el equipo de especialistas que evaluaremos y llevaremos a cabo el mejor tratamiento para su dolencia.","robots":{"index":"index","follow":"follow","max-snippet":"max-snippet:-1","max-image-preview":"max-image-preview:large","max-video-preview":"max-video-preview:-1"},"canonical":"https:\/\/montserratcabre.com\/es\/el-equipo-osteopatas-del-centro-montserrat-cabre\/","og_locale":"es_ES","og_type":"article","og_title":"El equipo del centro Montserrat Cabr\u00e9 - Montserrat Cabr\u00e9","og_description":"Somos oste\u00f3patas y fisioterapeutas que formamos el equipo de especialistas que evaluaremos y llevaremos a cabo el mejor tratamiento para su dolencia.","og_url":"https:\/\/montserratcabre.com\/es\/el-equipo-osteopatas-del-centro-montserrat-cabre\/","og_site_name":"Montserrat Cabr\u00e9","article_publisher":"https:\/\/www.facebook.com\/pages\/category\/Massage-Therapist\/Centre-dOsteopatia-i-Salut-Montserrat-Cabr-770326176510135\/","article_modified_time":"2019-04-29T16:30:14+00:00","twitter_card":"summary_large_image","twitter_misc":{"Tiempo de lectura":"1 minuto"},"schema":{"@context":"https:\/\/schema.org","@graph":[{"@type":"WebPage","@id":"https:\/\/montserratcabre.com\/es\/el-equipo-osteopatas-del-centro-montserrat-cabre\/","url":"https:\/\/montserratcabre.com\/es\/el-equipo-osteopatas-del-centro-montserrat-cabre\/","name":"El equipo del centro Montserrat Cabr\u00e9 - Montserrat Cabr\u00e9","isPartOf":{"@id":"https:\/\/montserratcabre.com\/es\/#website"},"datePublished":"2019-04-08T10:34:33+00:00","dateModified":"2019-04-29T16:30:14+00:00","description":"Somos oste\u00f3patas y fisioterapeutas que formamos el equipo de especialistas que evaluaremos y llevaremos a cabo el mejor tratamiento para su dolencia.","breadcrumb":{"@id":"https:\/\/montserratcabre.com\/es\/el-equipo-osteopatas-del-centro-montserrat-cabre\/#breadcrumb"},"inLanguage":"es","potentialAction":[{"@type":"ReadAction","target":["https:\/\/montserratcabre.com\/es\/el-equipo-osteopatas-del-centro-montserrat-cabre\/"]}]},{"@type":"BreadcrumbList","@id":"https:\/\/montserratcabre.com\/es\/el-equipo-osteopatas-del-centro-montserrat-cabre\/#breadcrumb","itemListElement":[{"@type":"ListItem","position":1,"name":"Inici","item":"https:\/\/montserratcabre.com\/es\/"},{"@type":"ListItem","position":2,"name":"El equipo del centro Montserrat Cabr\u00e9"}]},{"@type":"WebSite","@id":"https:\/\/montserratcabre.com\/es\/#website","url":"https:\/\/montserratcabre.com\/es\/","name":"Montserrat Cabr\u00e9","description":"Osteopatia, fisioter\u00e0pia i nutrici\u00f3","publisher":{"@id":"https:\/\/montserratcabre.com\/es\/#organization"},"potentialAction":[{"@type":"SearchAction","target":{"@type":"EntryPoint","urlTemplate":"https:\/\/montserratcabre.com\/es\/?s={search_term_string}"},"query-input":"required name=search_term_string"}],"inLanguage":"es"},{"@type":"Organization","@id":"https:\/\/montserratcabre.com\/es\/#organization","name":"Montserrat Cabr\u00e9","url":"https:\/\/montserratcabre.com\/es\/","sameAs":["https:\/\/www.instagram.com\/osteopatiamontserratcabre\/","https:\/\/www.facebook.com\/pages\/category\/Massage-Therapist\/Centre-dOsteopatia-i-Salut-Montserrat-Cabr-770326176510135\/"],"logo":{"@type":"ImageObject","inLanguage":"es","@id":"https:\/\/montserratcabre.com\/es\/#\/schema\/logo\/image\/","url":"https:\/\/montserratcabre.com\/wp-content\/uploads\/2019\/10\/Montserrat-Cabr\u00e8-Rich.jpg","contentUrl":"https:\/\/montserratcabre.com\/wp-content\/uploads\/2019\/10\/Montserrat-Cabr\u00e8-Rich.jpg","width":300,"height":300,"caption":"Montserrat Cabr\u00e9"},"image":{"@id":"https:\/\/montserratcabre.com\/es\/#\/schema\/logo\/image\/"}}]}},"_links":{"self":[{"href":"https:\/\/montserratcabre.com\/es\/wp-json\/wp\/v2\/pages\/453\/"}],"collection":[{"href":"https:\/\/montserratcabre.com\/es\/wp-json\/wp\/v2\/pages\/"}],"about":[{"href":"https:\/\/montserratcabre.com\/es\/wp-json\/wp\/v2\/types\/page\/"}],"author":[{"embeddable":true,"href":"https:\/\/montserratcabre.com\/es\/wp-json\/wp\/v2\/users\/1\/"}],"replies":[{"embeddable":true,"href":"https:\/\/montserratcabre.com\/es\/wp-json\/wp\/v2\/comments\/?post=453"}],"version-history":[{"count":1,"href":"https:\/\/montserratcabre.com\/es\/wp-json\/wp\/v2\/pages\/453\/revisions\/"}],"predecessor-version":[{"id":454,"href":"https:\/\/montserratcabre.com\/es\/wp-json\/wp\/v2\/pages\/453\/revisions\/454\/"}],"wp:attachment":[{"href":"https:\/\/montserratcabre.com\/es\/wp-json\/wp\/v2\/media\/?parent=453"}],"curies":[{"name":"wp","href":"https:\/\/api.w.org\/{rel}","templated":true}]}}