{"id":457,"date":"2019-04-08T12:37:52","date_gmt":"2019-04-08T10:37:52","guid":{"rendered":"http:\/\/montserratcabre.es\/?page_id=457"},"modified":"2019-04-15T11:32:43","modified_gmt":"2019-04-15T09:32:43","slug":"sobre-nosotros","status":"publish","type":"page","link":"https:\/\/montserratcabre.com\/es\/sobre-nosotros\/","title":{"rendered":"Sobre nosotros"},"content":{"rendered":"\n<p><strong>Montserrat Cabr\u00e9<\/strong> es una oste\u00f3pata cualificada que ha cursado desde el 2002 hasta hoy la Diplomatura de Fisioterapia, adem\u00e1s de los Estudios de Osteopat\u00eda. Su progresi\u00f3n universitaria y su amplia experiencia en centros cl\u00ednicos como la Fundaci\u00f3n Instituto Guttmann o Asepeyo hacen posible que pueda aportar soluciones espec\u00edficas a m\u00faltiples patolog\u00edas.<\/p>\n\n\n\n<p>La oste\u00f3pata\nMontserrat Cabr\u00e9 destaca por la profesionalidad y el compromiso con sus\npacientes, puesto que establece un tratamiento personalizado para combatir\ncualquier patolog\u00eda o disfunci\u00f3n.<\/p>\n\n\n\n<p>En la consulta de\nOsteopat\u00eda Montserrat Cabr\u00e9, en Matar\u00f3, tendr\u00e1 el asesoramiento necesario para\ntratar su problema. El objetivo es ayudarle a mejorar su SALUD.<\/p>\n","protected":false},"excerpt":{"rendered":"<p>Montserrat Cabr\u00e9 es una oste\u00f3pata cualificada que ha cursado desde el 2002 hasta hoy la Diplomatura de Fisioterapia, adem\u00e1s de los Estudios de Osteopat\u00eda. Su progresi\u00f3n universitaria y su amplia [&hellip;]<\/p>\n","protected":false},"author":1,"featured_media":568,"parent":0,"menu_order":0,"comment_status":"closed","ping_status":"closed","template":"template-sobrenosaltres.php","meta":{"inline_featured_image":false,"_joinchat":[]},"yoast_head":"<!-- This site is optimized with the Yoast SEO plugin v19.7.1 - https:\/\/yoast.com\/wordpress\/plugins\/seo\/ -->\n<title>Sobre nosotros - Montserrat Cabr\u00e9<\/title>\n<meta name=\"robots\" content=\"index, follow, max-snippet:-1, max-image-preview:large, max-video-preview:-1\" \/>\n<link rel=\"canonical\" href=\"https:\/\/montserratcabre.com\/es\/sobre-nosotros\/\" \/>\n<meta property=\"og:locale\" content=\"es_ES\" \/>\n<meta property=\"og:type\" content=\"article\" \/>\n<meta property=\"og:title\" content=\"Sobre nosotros - Montserrat Cabr\u00e9\" \/>\n<meta property=\"og:description\" content=\"Montserrat Cabr\u00e9 es una oste\u00f3pata cualificada que ha cursado desde el 2002 hasta hoy la Diplomatura de Fisioterapia, adem\u00e1s de los Estudios de Osteopat\u00eda. Su progresi\u00f3n universitaria y su amplia [&hellip;]\" \/>\n<meta property=\"og:url\" content=\"https:\/\/montserratcabre.com\/es\/sobre-nosotros\/\" \/>\n<meta property=\"og:site_name\" content=\"Montserrat Cabr\u00e9\" \/>\n<meta property=\"article:publisher\" content=\"https:\/\/www.facebook.com\/pages\/category\/Massage-Therapist\/Centre-dOsteopatia-i-Salut-Montserrat-Cabr-770326176510135\/\" \/>\n<meta property=\"article:modified_time\" content=\"2019-04-15T09:32:43+00:00\" \/>\n<meta property=\"og:image\" content=\"https:\/\/montserratcabre.com\/wp-content\/uploads\/2019\/04\/FOTO-MONTSERRAT-CABRE-GRAN.jpg\" \/>\n\t<meta property=\"og:image:width\" content=\"1800\" \/>\n\t<meta property=\"og:image:height\" content=\"1200\" \/>\n\t<meta property=\"og:image:type\" content=\"image\/jpeg\" \/>\n<meta name=\"twitter:card\" content=\"summary_large_image\" \/>\n<meta name=\"twitter:label1\" content=\"Tiempo de lectura\" \/>\n\t<meta name=\"twitter:data1\" content=\"1 minuto\" \/>\n<script type=\"application\/ld+json\" class=\"yoast-schema-graph\">{\"@context\":\"https:\/\/schema.org\",\"@graph\":[{\"@type\":\"WebPage\",\"@id\":\"https:\/\/montserratcabre.com\/es\/sobre-nosotros\/\",\"url\":\"https:\/\/montserratcabre.com\/es\/sobre-nosotros\/\",\"name\":\"Sobre nosotros - Montserrat Cabr\u00e9\",\"isPartOf\":{\"@id\":\"https:\/\/montserratcabre.com\/es\/#website\"},\"datePublished\":\"2019-04-08T10:37:52+00:00\",\"dateModified\":\"2019-04-15T09:32:43+00:00\",\"breadcrumb\":{\"@id\":\"https:\/\/montserratcabre.com\/es\/sobre-nosotros\/#breadcrumb\"},\"inLanguage\":\"es\",\"potentialAction\":[{\"@type\":\"ReadAction\",\"target\":[\"https:\/\/montserratcabre.com\/es\/sobre-nosotros\/\"]}]},{\"@type\":\"BreadcrumbList\",\"@id\":\"https:\/\/montserratcabre.com\/es\/sobre-nosotros\/#breadcrumb\",\"itemListElement\":[{\"@type\":\"ListItem\",\"position\":1,\"name\":\"Inici\",\"item\":\"https:\/\/montserratcabre.com\/es\/\"},{\"@type\":\"ListItem\",\"position\":2,\"name\":\"Sobre nosotros\"}]},{\"@type\":\"WebSite\",\"@id\":\"https:\/\/montserratcabre.com\/es\/#website\",\"url\":\"https:\/\/montserratcabre.com\/es\/\",\"name\":\"Montserrat Cabr\u00e9\",\"description\":\"Osteopatia, fisioter\u00e0pia i nutrici\u00f3\",\"publisher\":{\"@id\":\"https:\/\/montserratcabre.com\/es\/#organization\"},\"potentialAction\":[{\"@type\":\"SearchAction\",\"target\":{\"@type\":\"EntryPoint\",\"urlTemplate\":\"https:\/\/montserratcabre.com\/es\/?s={search_term_string}\"},\"query-input\":\"required name=search_term_string\"}],\"inLanguage\":\"es\"},{\"@type\":\"Organization\",\"@id\":\"https:\/\/montserratcabre.com\/es\/#organization\",\"name\":\"Montserrat Cabr\u00e9\",\"url\":\"https:\/\/montserratcabre.com\/es\/\",\"sameAs\":[\"https:\/\/www.instagram.com\/osteopatiamontserratcabre\/\",\"https:\/\/www.facebook.com\/pages\/category\/Massage-Therapist\/Centre-dOsteopatia-i-Salut-Montserrat-Cabr-770326176510135\/\"],\"logo\":{\"@type\":\"ImageObject\",\"inLanguage\":\"es\",\"@id\":\"https:\/\/montserratcabre.com\/es\/#\/schema\/logo\/image\/\",\"url\":\"https:\/\/montserratcabre.com\/wp-content\/uploads\/2019\/10\/Montserrat-Cabr\u00e8-Rich.jpg\",\"contentUrl\":\"https:\/\/montserratcabre.com\/wp-content\/uploads\/2019\/10\/Montserrat-Cabr\u00e8-Rich.jpg\",\"width\":300,\"height\":300,\"caption\":\"Montserrat Cabr\u00e9\"},\"image\":{\"@id\":\"https:\/\/montserratcabre.com\/es\/#\/schema\/logo\/image\/\"}}]}<\/script>\n<!-- \/ Yoast SEO plugin. -->","yoast_head_json":{"title":"Sobre nosotros - Montserrat Cabr\u00e9","robots":{"index":"index","follow":"follow","max-snippet":"max-snippet:-1","max-image-preview":"max-image-preview:large","max-video-preview":"max-video-preview:-1"},"canonical":"https:\/\/montserratcabre.com\/es\/sobre-nosotros\/","og_locale":"es_ES","og_type":"article","og_title":"Sobre nosotros - Montserrat Cabr\u00e9","og_description":"Montserrat Cabr\u00e9 es una oste\u00f3pata cualificada que ha cursado desde el 2002 hasta hoy la Diplomatura de Fisioterapia, adem\u00e1s de los Estudios de Osteopat\u00eda. Su progresi\u00f3n universitaria y su amplia [&hellip;]","og_url":"https:\/\/montserratcabre.com\/es\/sobre-nosotros\/","og_site_name":"Montserrat Cabr\u00e9","article_publisher":"https:\/\/www.facebook.com\/pages\/category\/Massage-Therapist\/Centre-dOsteopatia-i-Salut-Montserrat-Cabr-770326176510135\/","article_modified_time":"2019-04-15T09:32:43+00:00","og_image":[{"width":1800,"height":1200,"url":"https:\/\/montserratcabre.com\/wp-content\/uploads\/2019\/04\/FOTO-MONTSERRAT-CABRE-GRAN.jpg","type":"image\/jpeg"}],"twitter_card":"summary_large_image","twitter_misc":{"Tiempo de lectura":"1 minuto"},"schema":{"@context":"https:\/\/schema.org","@graph":[{"@type":"WebPage","@id":"https:\/\/montserratcabre.com\/es\/sobre-nosotros\/","url":"https:\/\/montserratcabre.com\/es\/sobre-nosotros\/","name":"Sobre nosotros - Montserrat Cabr\u00e9","isPartOf":{"@id":"https:\/\/montserratcabre.com\/es\/#website"},"datePublished":"2019-04-08T10:37:52+00:00","dateModified":"2019-04-15T09:32:43+00:00","breadcrumb":{"@id":"https:\/\/montserratcabre.com\/es\/sobre-nosotros\/#breadcrumb"},"inLanguage":"es","potentialAction":[{"@type":"ReadAction","target":["https:\/\/montserratcabre.com\/es\/sobre-nosotros\/"]}]},{"@type":"BreadcrumbList","@id":"https:\/\/montserratcabre.com\/es\/sobre-nosotros\/#breadcrumb","itemListElement":[{"@type":"ListItem","position":1,"name":"Inici","item":"https:\/\/montserratcabre.com\/es\/"},{"@type":"ListItem","position":2,"name":"Sobre nosotros"}]},{"@type":"WebSite","@id":"https:\/\/montserratcabre.com\/es\/#website","url":"https:\/\/montserratcabre.com\/es\/","name":"Montserrat Cabr\u00e9","description":"Osteopatia, fisioter\u00e0pia i nutrici\u00f3","publisher":{"@id":"https:\/\/montserratcabre.com\/es\/#organization"},"potentialAction":[{"@type":"SearchAction","target":{"@type":"EntryPoint","urlTemplate":"https:\/\/montserratcabre.com\/es\/?s={search_term_string}"},"query-input":"required name=search_term_string"}],"inLanguage":"es"},{"@type":"Organization","@id":"https:\/\/montserratcabre.com\/es\/#organization","name":"Montserrat Cabr\u00e9","url":"https:\/\/montserratcabre.com\/es\/","sameAs":["https:\/\/www.instagram.com\/osteopatiamontserratcabre\/","https:\/\/www.facebook.com\/pages\/category\/Massage-Therapist\/Centre-dOsteopatia-i-Salut-Montserrat-Cabr-770326176510135\/"],"logo":{"@type":"ImageObject","inLanguage":"es","@id":"https:\/\/montserratcabre.com\/es\/#\/schema\/logo\/image\/","url":"https:\/\/montserratcabre.com\/wp-content\/uploads\/2019\/10\/Montserrat-Cabr\u00e8-Rich.jpg","contentUrl":"https:\/\/montserratcabre.com\/wp-content\/uploads\/2019\/10\/Montserrat-Cabr\u00e8-Rich.jpg","width":300,"height":300,"caption":"Montserrat Cabr\u00e9"},"image":{"@id":"https:\/\/montserratcabre.com\/es\/#\/schema\/logo\/image\/"}}]}},"_links":{"self":[{"href":"https:\/\/montserratcabre.com\/es\/wp-json\/wp\/v2\/pages\/457\/"}],"collection":[{"href":"https:\/\/montserratcabre.com\/es\/wp-json\/wp\/v2\/pages\/"}],"about":[{"href":"https:\/\/montserratcabre.com\/es\/wp-json\/wp\/v2\/types\/page\/"}],"author":[{"embeddable":true,"href":"https:\/\/montserratcabre.com\/es\/wp-json\/wp\/v2\/users\/1\/"}],"replies":[{"embeddable":true,"href":"https:\/\/montserratcabre.com\/es\/wp-json\/wp\/v2\/comments\/?post=457"}],"version-history":[{"count":3,"href":"https:\/\/montserratcabre.com\/es\/wp-json\/wp\/v2\/pages\/457\/revisions\/"}],"predecessor-version":[{"id":548,"href":"https:\/\/montserratcabre.com\/es\/wp-json\/wp\/v2\/pages\/457\/revisions\/548\/"}],"wp:featuredmedia":[{"embeddable":true,"href":"https:\/\/montserratcabre.com\/es\/wp-json\/wp\/v2\/media\/568\/"}],"wp:attachment":[{"href":"https:\/\/montserratcabre.com\/es\/wp-json\/wp\/v2\/media\/?parent=457"}],"curies":[{"name":"wp","href":"https:\/\/api.w.org\/{rel}","templated":true}]}}