{"id":474,"date":"2019-04-08T12:48:25","date_gmt":"2019-04-08T10:48:25","guid":{"rendered":"http:\/\/montserratcabre.es\/?page_id=474"},"modified":"2020-04-21T09:39:33","modified_gmt":"2020-04-21T07:39:33","slug":"el-centro-de-osteopatia-y-salud-montserrat-cabre","status":"publish","type":"page","link":"https:\/\/montserratcabre.com\/es\/el-centro-de-osteopatia-y-salud-montserrat-cabre\/","title":{"rendered":"Centro de osteopat\u00eda y salud Montserrat Cabr\u00e9"},"content":{"rendered":"\n<p>Este nuevo espacio de osteopat\u00eda y salud est\u00e1 especialmente dirigido a personas que buscan soluciones a sus problemas de salud. Disponemos de una zona espaciosa para dar a los pacientes todas las comodidades para sus recuperaciones. Se trata de un centro moderno, confortable y funcional, d\u00f3nde en todo momento el paciente se sentir\u00e1 c\u00f3modo y con sensaci\u00f3n de bienestar.<\/p>\n\n\n\n<p>El centro de salud\nMontserrat Cabr\u00e9 est\u00e1 dirigido a mejorar la salud de las personas con\ndolencias, o simplemente para mejorar su calidad de vida. El centro est\u00e1\nubicado en la calle San Joaqu\u00edn 32 de Matar\u00f3, y fue inaugurado el 12 de enero\nde 2018.<\/p>\n\n\n\n<p>Consta de diferentes\ndependencias donde nuestras profesionales (oste\u00f3patas, fisioterapeutas y\ndietista) atienen a los pacientes. Tambi\u00e9n dispone de una sala polivalente\ndonde se realizan clases dirigidas por fisioterapeutas (recuperaci\u00f3n de\nlesiones, clases de abdominales&nbsp;hipopresivos, clases de&nbsp;pilates).<\/p>\n\n\n\n<p>Este proyecto da lugar\na una consulta privada, que ofrece tratamientos personalizados para conseguir\nprop\u00f3sitos concretos.<\/p>\n","protected":false},"excerpt":{"rendered":"<p>Este nuevo espacio de osteopat\u00eda y salud est\u00e1 especialmente dirigido a personas que buscan soluciones a sus problemas de salud. Disponemos de una zona espaciosa para dar a los pacientes [&hellip;]<\/p>\n","protected":false},"author":1,"featured_media":0,"parent":0,"menu_order":0,"comment_status":"closed","ping_status":"closed","template":"template-centre.php","meta":{"inline_featured_image":false,"_joinchat":[]},"yoast_head":"<!-- This site is optimized with the Yoast SEO plugin v19.7.1 - https:\/\/yoast.com\/wordpress\/plugins\/seo\/ -->\n<title>Centro de osteopat\u00eda y salud Montserrat Cabr\u00e9 - Montserrat Cabr\u00e9<\/title>\n<meta name=\"description\" content=\"centro de osteopat\u00eda especialista en el tratamiento de lesiones funcionales mediante la\u00a0osteopat\u00eda en Matar\u00f3, Maresme, Vall\u00e9s, Barcelona.\" \/>\n<meta name=\"robots\" content=\"index, follow, max-snippet:-1, max-image-preview:large, max-video-preview:-1\" \/>\n<link rel=\"canonical\" href=\"https:\/\/montserratcabre.com\/es\/el-centro-de-osteopatia-y-salud-montserrat-cabre\/\" \/>\n<meta property=\"og:locale\" content=\"es_ES\" \/>\n<meta property=\"og:type\" content=\"article\" \/>\n<meta property=\"og:title\" content=\"Centro de osteopat\u00eda y salud Montserrat Cabr\u00e9 - Montserrat Cabr\u00e9\" \/>\n<meta property=\"og:description\" content=\"centro de osteopat\u00eda especialista en el tratamiento de lesiones funcionales mediante la\u00a0osteopat\u00eda en Matar\u00f3, Maresme, Vall\u00e9s, Barcelona.\" \/>\n<meta property=\"og:url\" content=\"https:\/\/montserratcabre.com\/es\/el-centro-de-osteopatia-y-salud-montserrat-cabre\/\" \/>\n<meta property=\"og:site_name\" content=\"Montserrat Cabr\u00e9\" \/>\n<meta property=\"article:publisher\" content=\"https:\/\/www.facebook.com\/pages\/category\/Massage-Therapist\/Centre-dOsteopatia-i-Salut-Montserrat-Cabr-770326176510135\/\" \/>\n<meta property=\"article:modified_time\" content=\"2020-04-21T07:39:33+00:00\" \/>\n<meta name=\"twitter:card\" content=\"summary_large_image\" \/>\n<meta name=\"twitter:label1\" content=\"Tiempo de lectura\" \/>\n\t<meta name=\"twitter:data1\" content=\"1 minuto\" \/>\n<script type=\"application\/ld+json\" class=\"yoast-schema-graph\">{\"@context\":\"https:\/\/schema.org\",\"@graph\":[{\"@type\":\"WebPage\",\"@id\":\"https:\/\/montserratcabre.com\/es\/el-centro-de-osteopatia-y-salud-montserrat-cabre\/\",\"url\":\"https:\/\/montserratcabre.com\/es\/el-centro-de-osteopatia-y-salud-montserrat-cabre\/\",\"name\":\"Centro de osteopat\u00eda y salud Montserrat Cabr\u00e9 - Montserrat Cabr\u00e9\",\"isPartOf\":{\"@id\":\"https:\/\/montserratcabre.com\/es\/#website\"},\"datePublished\":\"2019-04-08T10:48:25+00:00\",\"dateModified\":\"2020-04-21T07:39:33+00:00\",\"description\":\"centro de osteopat\u00eda especialista en el tratamiento de lesiones funcionales mediante la\u00a0osteopat\u00eda en Matar\u00f3, Maresme, Vall\u00e9s, Barcelona.\",\"breadcrumb\":{\"@id\":\"https:\/\/montserratcabre.com\/es\/el-centro-de-osteopatia-y-salud-montserrat-cabre\/#breadcrumb\"},\"inLanguage\":\"es\",\"potentialAction\":[{\"@type\":\"ReadAction\",\"target\":[\"https:\/\/montserratcabre.com\/es\/el-centro-de-osteopatia-y-salud-montserrat-cabre\/\"]}]},{\"@type\":\"BreadcrumbList\",\"@id\":\"https:\/\/montserratcabre.com\/es\/el-centro-de-osteopatia-y-salud-montserrat-cabre\/#breadcrumb\",\"itemListElement\":[{\"@type\":\"ListItem\",\"position\":1,\"name\":\"Inici\",\"item\":\"https:\/\/montserratcabre.com\/es\/\"},{\"@type\":\"ListItem\",\"position\":2,\"name\":\"Centro de osteopat\u00eda y salud Montserrat Cabr\u00e9\"}]},{\"@type\":\"WebSite\",\"@id\":\"https:\/\/montserratcabre.com\/es\/#website\",\"url\":\"https:\/\/montserratcabre.com\/es\/\",\"name\":\"Montserrat Cabr\u00e9\",\"description\":\"Osteopatia, fisioter\u00e0pia i nutrici\u00f3\",\"publisher\":{\"@id\":\"https:\/\/montserratcabre.com\/es\/#organization\"},\"potentialAction\":[{\"@type\":\"SearchAction\",\"target\":{\"@type\":\"EntryPoint\",\"urlTemplate\":\"https:\/\/montserratcabre.com\/es\/?s={search_term_string}\"},\"query-input\":\"required name=search_term_string\"}],\"inLanguage\":\"es\"},{\"@type\":\"Organization\",\"@id\":\"https:\/\/montserratcabre.com\/es\/#organization\",\"name\":\"Montserrat Cabr\u00e9\",\"url\":\"https:\/\/montserratcabre.com\/es\/\",\"sameAs\":[\"https:\/\/www.instagram.com\/osteopatiamontserratcabre\/\",\"https:\/\/www.facebook.com\/pages\/category\/Massage-Therapist\/Centre-dOsteopatia-i-Salut-Montserrat-Cabr-770326176510135\/\"],\"logo\":{\"@type\":\"ImageObject\",\"inLanguage\":\"es\",\"@id\":\"https:\/\/montserratcabre.com\/es\/#\/schema\/logo\/image\/\",\"url\":\"https:\/\/montserratcabre.com\/wp-content\/uploads\/2019\/10\/Montserrat-Cabr\u00e8-Rich.jpg\",\"contentUrl\":\"https:\/\/montserratcabre.com\/wp-content\/uploads\/2019\/10\/Montserrat-Cabr\u00e8-Rich.jpg\",\"width\":300,\"height\":300,\"caption\":\"Montserrat Cabr\u00e9\"},\"image\":{\"@id\":\"https:\/\/montserratcabre.com\/es\/#\/schema\/logo\/image\/\"}}]}<\/script>\n<!-- \/ Yoast SEO plugin. -->","yoast_head_json":{"title":"Centro de osteopat\u00eda y salud Montserrat Cabr\u00e9 - Montserrat Cabr\u00e9","description":"centro de osteopat\u00eda especialista en el tratamiento de lesiones funcionales mediante la\u00a0osteopat\u00eda en Matar\u00f3, Maresme, Vall\u00e9s, Barcelona.","robots":{"index":"index","follow":"follow","max-snippet":"max-snippet:-1","max-image-preview":"max-image-preview:large","max-video-preview":"max-video-preview:-1"},"canonical":"https:\/\/montserratcabre.com\/es\/el-centro-de-osteopatia-y-salud-montserrat-cabre\/","og_locale":"es_ES","og_type":"article","og_title":"Centro de osteopat\u00eda y salud Montserrat Cabr\u00e9 - Montserrat Cabr\u00e9","og_description":"centro de osteopat\u00eda especialista en el tratamiento de lesiones funcionales mediante la\u00a0osteopat\u00eda en Matar\u00f3, Maresme, Vall\u00e9s, Barcelona.","og_url":"https:\/\/montserratcabre.com\/es\/el-centro-de-osteopatia-y-salud-montserrat-cabre\/","og_site_name":"Montserrat Cabr\u00e9","article_publisher":"https:\/\/www.facebook.com\/pages\/category\/Massage-Therapist\/Centre-dOsteopatia-i-Salut-Montserrat-Cabr-770326176510135\/","article_modified_time":"2020-04-21T07:39:33+00:00","twitter_card":"summary_large_image","twitter_misc":{"Tiempo de lectura":"1 minuto"},"schema":{"@context":"https:\/\/schema.org","@graph":[{"@type":"WebPage","@id":"https:\/\/montserratcabre.com\/es\/el-centro-de-osteopatia-y-salud-montserrat-cabre\/","url":"https:\/\/montserratcabre.com\/es\/el-centro-de-osteopatia-y-salud-montserrat-cabre\/","name":"Centro de osteopat\u00eda y salud Montserrat Cabr\u00e9 - Montserrat Cabr\u00e9","isPartOf":{"@id":"https:\/\/montserratcabre.com\/es\/#website"},"datePublished":"2019-04-08T10:48:25+00:00","dateModified":"2020-04-21T07:39:33+00:00","description":"centro de osteopat\u00eda especialista en el tratamiento de lesiones funcionales mediante la\u00a0osteopat\u00eda en Matar\u00f3, Maresme, Vall\u00e9s, Barcelona.","breadcrumb":{"@id":"https:\/\/montserratcabre.com\/es\/el-centro-de-osteopatia-y-salud-montserrat-cabre\/#breadcrumb"},"inLanguage":"es","potentialAction":[{"@type":"ReadAction","target":["https:\/\/montserratcabre.com\/es\/el-centro-de-osteopatia-y-salud-montserrat-cabre\/"]}]},{"@type":"BreadcrumbList","@id":"https:\/\/montserratcabre.com\/es\/el-centro-de-osteopatia-y-salud-montserrat-cabre\/#breadcrumb","itemListElement":[{"@type":"ListItem","position":1,"name":"Inici","item":"https:\/\/montserratcabre.com\/es\/"},{"@type":"ListItem","position":2,"name":"Centro de osteopat\u00eda y salud Montserrat Cabr\u00e9"}]},{"@type":"WebSite","@id":"https:\/\/montserratcabre.com\/es\/#website","url":"https:\/\/montserratcabre.com\/es\/","name":"Montserrat Cabr\u00e9","description":"Osteopatia, fisioter\u00e0pia i nutrici\u00f3","publisher":{"@id":"https:\/\/montserratcabre.com\/es\/#organization"},"potentialAction":[{"@type":"SearchAction","target":{"@type":"EntryPoint","urlTemplate":"https:\/\/montserratcabre.com\/es\/?s={search_term_string}"},"query-input":"required name=search_term_string"}],"inLanguage":"es"},{"@type":"Organization","@id":"https:\/\/montserratcabre.com\/es\/#organization","name":"Montserrat Cabr\u00e9","url":"https:\/\/montserratcabre.com\/es\/","sameAs":["https:\/\/www.instagram.com\/osteopatiamontserratcabre\/","https:\/\/www.facebook.com\/pages\/category\/Massage-Therapist\/Centre-dOsteopatia-i-Salut-Montserrat-Cabr-770326176510135\/"],"logo":{"@type":"ImageObject","inLanguage":"es","@id":"https:\/\/montserratcabre.com\/es\/#\/schema\/logo\/image\/","url":"https:\/\/montserratcabre.com\/wp-content\/uploads\/2019\/10\/Montserrat-Cabr\u00e8-Rich.jpg","contentUrl":"https:\/\/montserratcabre.com\/wp-content\/uploads\/2019\/10\/Montserrat-Cabr\u00e8-Rich.jpg","width":300,"height":300,"caption":"Montserrat Cabr\u00e9"},"image":{"@id":"https:\/\/montserratcabre.com\/es\/#\/schema\/logo\/image\/"}}]}},"_links":{"self":[{"href":"https:\/\/montserratcabre.com\/es\/wp-json\/wp\/v2\/pages\/474\/"}],"collection":[{"href":"https:\/\/montserratcabre.com\/es\/wp-json\/wp\/v2\/pages\/"}],"about":[{"href":"https:\/\/montserratcabre.com\/es\/wp-json\/wp\/v2\/types\/page\/"}],"author":[{"embeddable":true,"href":"https:\/\/montserratcabre.com\/es\/wp-json\/wp\/v2\/users\/1\/"}],"replies":[{"embeddable":true,"href":"https:\/\/montserratcabre.com\/es\/wp-json\/wp\/v2\/comments\/?post=474"}],"version-history":[{"count":3,"href":"https:\/\/montserratcabre.com\/es\/wp-json\/wp\/v2\/pages\/474\/revisions\/"}],"predecessor-version":[{"id":1170,"href":"https:\/\/montserratcabre.com\/es\/wp-json\/wp\/v2\/pages\/474\/revisions\/1170\/"}],"wp:attachment":[{"href":"https:\/\/montserratcabre.com\/es\/wp-json\/wp\/v2\/media\/?parent=474"}],"curies":[{"name":"wp","href":"https:\/\/api.w.org\/{rel}","templated":true}]}}