{"id":482,"date":"2019-04-08T12:53:58","date_gmt":"2019-04-08T10:53:58","guid":{"rendered":"http:\/\/montserratcabre.es\/?page_id=482"},"modified":"2021-12-14T13:48:51","modified_gmt":"2021-12-14T11:48:51","slug":"aviso-legal","status":"publish","type":"page","link":"https:\/\/montserratcabre.com\/es\/aviso-legal\/","title":{"rendered":"Aviso legal"},"content":{"rendered":"\n<p>Con el fin de dar\ncumplimiento al art\u00edculo 10 de la Ley 34\/2002 de Servicios de la Sociedad de la\nInformaci\u00f3n y del Comercio Electr\u00f3nico, informamos a los usuarios de nuestros\ndatos:<\/p>\n\n\n\n<ul><li>Denominaci\u00f3n Social: MONTSERRAT CABR\u00c9 ESTEVE <\/li><li>Domicilio Social: C\/ SANT JOAQUIM, 32 LOCAL &#8211; 08302 MATAR\u00d3 (BARCELONA)<\/li><li>NIF: 38848343D<\/li><li>Tel\u00e9fono: 937.906.173<\/li><li>E-Mail: consulta@montserratcabre.com<\/li><li>Sitio Web: http:\/\/www.montserratcabre.com\/<\/li><li>N\u00famero de colegiada: 5.162 del Colegio de Fisioterapeutas de Catalu\u00f1a.<\/li><li>Registro de Centros, Servicios y Establecimientos Sanitarios del Departamento de Salud de la Generalitat de Catalunya: E08670823.\u00a0 \u00a0<\/li><\/ul>\n\n\n\n<p><strong>1.- OBJETO<\/strong><\/p>\n\n\n\n<p><strong>MONTSERRAT CABR\u00c9 ESTEVE <\/strong>\u00a0(en adelante tambi\u00e9n el prestador) c\u00f3mo responsable del sitio web, pone a disposici\u00f3n de los usuarios el presente documento, que regula el uso del sitio web http:\/\/www.montserratcabre.com\/, con el que pretendemos dar cumplimiento a las obligaciones que dispone la Ley 34\/2002, de Servicios de la Sociedad de la Informaci\u00f3n y del Comercio Electr\u00f3nico (LSSICE o LSSI), as\u00ed como informar a todos los usuarios del sitio web respecto de cu\u00e1les son las condiciones de uso del sitio web.<\/p>\n\n\n\n<p>A trav\u00e9s de la Web,\n<strong>MONTSERRAT CABR\u00c9 ESTEVE <\/strong>&nbsp;facilita a los usuarios el acceso y\nutilizaci\u00f3n de diferentes servicios y contenidos puestos a disposici\u00f3n a trav\u00e9s\ndel web.<\/p>\n\n\n\n<p>Toda persona que\nacceda a esta web asume el papel de usuario (en adelante el usuario), e implica\nla aceptaci\u00f3n total y sin reservas de todas y cada una de las disposiciones\nincluidas en este aviso legal, as\u00ed como a cualesquiera otras disposiciones\nlegales que fueran de aplicaci\u00f3n.<\/p>\n\n\n\n<p>Como usuarios,\ntienen que leer atentamente este Aviso Legal en cualquier de las ocasiones que\nentren a la web, pues \u00e9sta puede sufrir modificaciones ya que el prestador se\nreserva el derecho a modificar cualquier tipo de informaci\u00f3n que pudiera\naparecer en la web, sin que exista la obligaci\u00f3n de pre-avisar o poner en\nconocimiento de los usuarios estas obligaciones, siendo suficientes la\npublicaci\u00f3n en el sitio web del prestador.<\/p>\n\n\n\n<p><strong>2. CONDICIONES\nDE ACCESO Y USO DE LA WEB.<\/strong><\/p>\n\n\n\n<p><strong>2.1. Car\u00e1cter\ngratuito del acceso y uso de la web.<\/strong><\/p>\n\n\n\n<p>La prestaci\u00f3n de\nlos servicios por parte de <strong>MONTSERRAT\nCABR\u00c9 ESTEVE <\/strong>&nbsp;tiene car\u00e1cter gratuito\npara todos los Usuarios. No obstante, algunos de los servicios suministrados\npor el prestador a trav\u00e9s de la Web est\u00e1n sujetas al pago de un precio\ndeterminado a las condicionas generales de contrataci\u00f3n.<\/p>\n\n\n\n<p><strong>2.2. Registro\nde Usuario.<\/strong><\/p>\n\n\n\n<p>Con car\u00e1cter\ngeneral la prestaci\u00f3n de los Servicios no exige la previa suscripci\u00f3n o\nregistro de los Usuarios. Aun as\u00ed, <strong>MONTSERRAT\nCABR\u00c9 ESTEVE <\/strong>&nbsp;condiciona el uso de\nalgunos de los servicios a la previa complementaci\u00f3n del correspondiente\nregistro de Usuario. Este registro se efectuar\u00e1 en la forma expresamente\nindicada en la propia secci\u00f3n del servicio.<\/p>\n\n\n\n<p><strong>2.3. Veracidad\nde la informaci\u00f3n.<\/strong><\/p>\n\n\n\n<p>Toda la informaci\u00f3n\nque facilita el Usuario tiene que ser veraz. A estos efectos, el Usuario\ngarantiza la autenticidad de los datos comunicados a trav\u00e9s de los formularios\npara la suscripci\u00f3n de los Servicios. Ser\u00e1 responsabilidad del Usuario mantener\ntoda la informaci\u00f3n facilitada a <strong>MONTSERRAT\nCABR\u00c9 ESTEVE <\/strong>&nbsp;permanentemente\nactualizada de forma que responda, en cada momento, a su situaci\u00f3n real. En\ntodo caso, el Usuario ser\u00e1 el \u00fanico responsable de las manifestaciones falsas o\ninexactas que realice y de los perjuicios que cause al prestador o a terceros.<\/p>\n\n\n\n<p><strong>2.4. Menores de\nedad.<\/strong><\/p>\n\n\n\n<p>Para el uso de los\nservicios, los menores de edad tienen que obtener siempre previamente el\nconsentimiento de los padres, tutores o representantes legales, responsables\n\u00faltimos de todos los actos realizados por los menores a su cargo. La\nresponsabilidad en la determinaci\u00f3n de contenidos concretos a los cuales\nacceden los menores corresponde a aquellos, es por eso que si acceden a\ncontenidos no apropiados por Internet, se tendr\u00e1n que establecer en sus\nordenadores mecanismos, en particular programas inform\u00e1ticos, filtros y\nbloqueos, que permitan limitar los contenidos disponibles y, a pesar de que no\nsean infalibles, son de especial utilidad para controlar y restringir los\nmateriales a los que pueden acceder los menores.<\/p>\n\n\n\n<p><strong>2.5. Obligaci\u00f3n\nde hacer un uso correcto de la Web.<\/strong><\/p>\n\n\n\n<p>El Usuario se\ncompromete a utilizar la Web de conformidad a la Ley y al presente Aviso Legal,\nas\u00ed como a la moral y a buenas costumbres. A tal efecto, el Usuario se\nabstendr\u00e1 de utilizar la p\u00e1gina con finalidades il\u00edcitas o prohibidas, lesivas\nde derechos e intereses de terceros, o que de cualquier forma puedan da\u00f1ar,\ninutilizar, sobrecargar, deteriorar o impedir la normal utilizaci\u00f3n de equipos inform\u00e1ticos\no documentos, archivos y toda clase de contenidos almacenados en cualquier\nequipo inform\u00e1tico del prestador.<\/p>\n\n\n\n<p>En particular, y a\nt\u00edtulo indicativo pero no exhaustivo, el Usuario se compromete a no transmitir,\ndifundir o poner a disposici\u00f3n de terceros informaciones, datos, contenidos,\nmensajes, gr\u00e1ficos, dibujos, archivos de sonido o imagen, fotograf\u00edas,\ngrabaciones, software y, en general, cualquier clase de material que:<\/p>\n\n\n\n<ol><li>sea contraria, desprecie o atente\ncontra los derechos fundamentales y las libertades p\u00fablicas reconocidas\nconstitucionalmente, en tratados internacionales y otras normas vigentes;<\/li><li>induzca, incite o promueva\nactuaciones delictivas, denigrantes, difamatorias, violentas o, en general,\ncontrarias a la ley, a la moral y al orden p\u00fablico;<\/li><li>induzca, incite o promueva\nactuaciones, actitudes o pensamientos discriminatorios por raz\u00f3n de sexo, raza,\nreligi\u00f3n, creencias, edad o condici\u00f3n;<\/li><li>sea contrario al derecho al honor,\na la intimidad personal o familiar o a la propia imagen de las personas;<\/li><li>de cualquier manera perjudique la\ncredibilidad del prestador o de terceros; y<\/li><li>constituya publicidad il\u00edcita,\nenga\u00f1osa o desleal.<\/li><\/ol>\n\n\n\n<p><strong>3.- EXCLUSI\u00d3N\nDE GARANT\u00cdAS Y RESPONSABILIDAD<\/strong><\/p>\n\n\n\n<p>El prestador se\nexime de cualquier tipo de responsabilidad derivada de la informaci\u00f3n publicada\nen nuestro sitio web, siempre que esta informaci\u00f3n haya sido manipulada o\nintroducida por un tercero ajeno.<\/p>\n\n\n\n<p>Esta web ha sido\nrevisada y probada para que funcione correctamente. En principio, se puede\ngarantizar el correcto funcionamiento los 365 d\u00edas del a\u00f1o, 24 horas al d\u00eda.\nSin embargo, el prestador no descarta la posibilidad que existan determinados\nerrores de programaci\u00f3n, o que sucedan causas de fuerza mayor, cat\u00e1strofes\nnaturales, huelgas, o circunstancias parecidas que hagan imposible el acceso a\nla p\u00e1gina web.<\/p>\n\n\n\n<p><strong>MONTSERRAT CABR\u00c9 ESTEVE <\/strong>&nbsp;no otorga ninguna garant\u00eda ni se hace\nresponsable, en ning\u00fan caso, de los da\u00f1os y perjuicios de cualquier naturaleza\nque puedan salir a colaci\u00f3n de la falta de disponibilidad, mantenimiento y\nefectivo funcionamiento de la web o de sus servicios y contenidos; de la\nexistencia de virus, programas maliciosos o lesivos en los contenidos; del uso\nil\u00edcito, negligente, fraudulento o contrario a este Aviso Legal y condiciones\nde uso; o de La falta de licitud, calidad, fiabilidad, utilidad y\ndisponibilidad de los servicios prestados por terceros y ademanes a disposici\u00f3n\nde los usuarios en el sitio web.<\/p>\n\n\n\n<p>El prestador no se\nhace responsable bajo ning\u00fan concepto de los da\u00f1os que puedan dimanar del uso\nilegal o indebido de la presente p\u00e1gina web.<\/p>\n\n\n\n<p><strong>4.- COOKIES<\/strong><\/p>\n\n\n\n<p>El sitio web del\nprestador puede utilizar cookies (peque\u00f1os archivos de informaci\u00f3n que el\nservidor env\u00eda al ordenador de quien accede en la p\u00e1gina) para llevar a cabo\ndeterminadas funciones que son consideradas imprescindibles para el correcto\nfuncionamiento y visualizaci\u00f3n del lugar. Las cookies utilizadas tienen, en\ntodo caso, car\u00e1cter temporal, con la \u00fanica finalidad de hacer m\u00e1s eficaz la\nnavegaci\u00f3n, y desaparecen al acabar la sesi\u00f3n del usuario.<\/p>\n\n\n\n<p>En ning\u00fan caso se\nutilizar\u00e1n las cookies para recoger informaci\u00f3n de car\u00e1cter personal. <\/p>\n\n\n\n<p>Para m\u00e1s\ninformaci\u00f3n, ver nuestra Pol\u00edtica de Cookies.<\/p>\n\n\n\n<p><strong>5.- ENLACES\n(LINKS)<\/strong><\/p>\n\n\n\n<p>Desde el sitio web\nes posible que se redirija a contenidos de terceras webs. Dado que desde el web\nno podemos controlar siempre los contenidos introducidos por los terceros, <strong>MONTSERRAT CABR\u00c9 ESTEVE <\/strong>&nbsp;no asume ning\u00fan tipo de responsabilidad\nrespecto a estos contenidos. En todo caso, el prestador manifiesta que\nproceder\u00e1 a la retirada inmediata de cualquier contenido que pudiera\ncontravenir la legislaci\u00f3n nacional o internacional, la moral o el orden\np\u00fablico, procediendo a la retirada inmediata de la re-direcci\u00f3n a estas webs,\nponiendo en conocimiento de las autoridades competentes el contenido en\ncuesti\u00f3n.<\/p>\n\n\n\n<p>El prestador no se\nresponsabiliza de la informaci\u00f3n y contenidos almacenados, a t\u00edtulo enunciativo\npero no limitante, en foros, chats, generadores de blogs, comentarios, redes\nsociales o cualquiera otro medio que permita a terceros publicar contenidos de\nforma independiente a la p\u00e1gina web del prestador. Sin embargo y en\ncumplimiento de lo que dispone el art. 11 y 16 de la LSSICE, el prestador se\npone a disposici\u00f3n de todos los usuarios, autoridades y fuerzas de seguridad, y\ncolaborando de forma activa en la retirada o, cuando sea necesario, el bloqueo\nde todos aquellos contenidos que puedan afectar o contravenir la legislaci\u00f3n\nnacional, o internacional, derechos de terceros o la moral y el orden p\u00fablico.\nEn caso de que el usuario considere que puede existir alg\u00fan contenido que\npudiera ser susceptible de esta clasificaci\u00f3n, se ruega lo notifique de forma\ninmediata al administrador del sitio web.<\/p>\n\n\n\n<p><strong>6.- PROTECCI\u00d3N\nDE DATOS PERSONALES<\/strong><\/p>\n\n\n\n<p>El prestador est\u00e1\nprofundamente comprometido con el cumplimiento de la normativa de protecci\u00f3n de\ndatos personales y garantiza el cumplimiento \u00edntegro de las obligaciones\ndispuestas, as\u00ed como la implementaci\u00f3n de las medidas de seguridad dispuestas\nal Reglamento Europeo de Protecci\u00f3n de datos y la normativa espa\u00f1ola de\nprotecci\u00f3n de datos. <\/p>\n\n\n\n<p>Para m\u00e1s informaci\u00f3n, ver nuestra <strong><a href=\"http:\/\/montserratcabre.es\/es\/politica-de-privacidad\/\">Pol\u00edtica de Privacidad<\/a><\/strong><\/p>\n\n\n\n<p><strong>7.- REDES\nSOCIALES<\/strong><\/p>\n\n\n\n<p>Le informamos que <strong>MONTSERRAT CABR\u00c9 ESTEVE <\/strong>&nbsp;puede estar presente en redes sociales. El\ntratamiento de los datos que los usuarios incluyan en las mismas [haci\u00e9ndose\nseguidores del prestador en las redes sociales (y\/o realizando cualquier\nv\u00ednculo o acci\u00f3n de conexi\u00f3n a trav\u00e9s de estas)] se regir\u00e1 por este apartado,\nas\u00ed como por las condiciones de uso, pol\u00edticas de privacidad y normativas de\nacceso y uso de las redes sociales en cuesti\u00f3n y aceptadas previamente por el\nusuario. <strong>MONTSERRAT CABR\u00c9 ESTEVE <\/strong>&nbsp;tratar\u00e1 sus datos con el fin de informarle de\nlas actividades, productos o servicios del prestador a trav\u00e9s de estas redes\nsociales, as\u00ed como para cualquier otra finalidad que las normativas de las\nRedes Sociales permitan, pero no se har\u00e1 responsable de sus pol\u00edticas de\nprivacidad.<\/p>\n\n\n\n<p>Queda prohibida la\npublicaci\u00f3n de contenidos:<\/p>\n\n\n\n<ul><li>Que sean presuntamente il\u00edcitos\npor la normativa nacional, comunitaria o internacional o que realicen actividades\npresuntamente il\u00edcitas o contravengan los principios de la buena fe.<\/li><li>Que atenten contra los derechos\nfundamentales de las personas, falten a la cortes\u00eda en la red, molesten o\npuedan generar opiniones negativas en nuestros usuarios o terceros y en general\ncualesquiera sean los contenidos que <strong>MONTSERRAT\nCABR\u00c9 ESTEVE <\/strong>&nbsp;considere no\napropiados.<\/li><li>Y en general que contravengan los\nprincipios de legalidad, honradez, responsabilidad, protecci\u00f3n de la dignidad\nhumana, protecci\u00f3n de menores, protecci\u00f3n del orden p\u00fablico, la protecci\u00f3n de\nla vida privada, la protecci\u00f3n del consumidor y los derechos de propiedad\nintelectual e industrial.<\/li><\/ul>\n\n\n\n<p>Asimismo, <strong>MONTSERRAT CABR\u00c9 ESTEVE <\/strong>&nbsp;se reserva la potestad de retirar, sin previo\naviso del sitio web o de la red social corporativa aquellos contenidos que se\nconsideren no apropiados.<\/p>\n\n\n\n<p><strong>8. PROPIEDAD\nINTELECTUAL E INDUSTRIAL<\/strong><\/p>\n\n\n\n<p>El sitio web,\nincluyendo a t\u00edtulo enunciativo pero no limitativo la programaci\u00f3n, edici\u00f3n,\ncompilaci\u00f3n y otros elementos necesarios para su funcionamiento, los dise\u00f1os,\nlogotipos, textos, fotograf\u00edas y\/o gr\u00e1ficos son propiedad del prestador o, en\ncaso de que fuera necesario, dispone de la licencia o autorizaci\u00f3n expresa por\nparte de los autores. Todos los contenidos del sitio web se encuentran\ndebidamente protegidos por la normativa de propiedad intelectual e industrial.<\/p>\n\n\n\n<p>Independientemente\nde la finalidad por la que fueran destinados, la reproducci\u00f3n total o parcial,\nuso, distribuci\u00f3n y comunicaci\u00f3n p\u00fablica requieren de la autorizaci\u00f3n escrita\nprevia por parte del prestador. Cualquier uso no autorizado previamente por\nparte del prestador ser\u00e1 considerado un incumplimiento grave de los derechos de\npropiedad intelectual o industrial del autor.<\/p>\n\n\n\n<p>Los dise\u00f1os,\nlogotipos, textos y\/o gr\u00e1ficos ajenos al prestador y que puedan aparecer en el\nsitio web, pertenecen a sus respectivos propietarios, siendo ellos mismos los\nresponsables de cualquier posible controversia que pudiera acontecer respecto a\nlos mismos. En todo caso, el prestador cuenta con la autorizaci\u00f3n expresa y previa\npor parte de los mismos.<\/p>\n\n\n\n<p>El prestador\nreconoce a favor de sus titulares los correspondientes derechos de propiedad\nindustrial e intelectual, no implicando la menci\u00f3n o aparici\u00f3n en el sitio web,\nde la existencia de derechos o ninguna responsabilidad del prestador sobre los\nmismos, como tampoco respaldo, patrocinio o recomendaci\u00f3n por parte del mismo.<\/p>\n\n\n\n<p>Para realizar\ncualquier tipo de observaci\u00f3n respecto a posibles incumplimientos de los\nderechos de propiedad intelectual o industrial, as\u00ed como sobre cualquiera de\nlos contenidos del sitio web, puede hacerlo a trav\u00e9s del correo electr\u00f3nico\narriba rese\u00f1ado.<\/p>\n\n\n\n<p><strong>9.- LEY\nAPLICABLE Y JURISDICCI\u00d3N<\/strong>\n\nPara la resoluci\u00f3n de las controversias o cuestiones\nrelacionadas con la presente p\u00e1gina web o de las actividades en esta\ndesarrolladas, ser\u00e1 de aplicaci\u00f3n la legislaci\u00f3n espa\u00f1ola, a la que se someten\nexpresamente las partes, siendo competentes por la resoluci\u00f3n de todos los\nconflictos derivados o relacionados con su uso los Juzgados y Tribunales de\nBarc\n\n\n\n<\/p>\n","protected":false},"excerpt":{"rendered":"<p>Con el fin de dar cumplimiento al art\u00edculo 10 de la Ley 34\/2002 de Servicios de la Sociedad de la Informaci\u00f3n y del Comercio Electr\u00f3nico, informamos a los usuarios de [&hellip;]<\/p>\n","protected":false},"author":1,"featured_media":0,"parent":0,"menu_order":0,"comment_status":"closed","ping_status":"closed","template":"","meta":{"inline_featured_image":false,"_joinchat":[]},"yoast_head":"<!-- This site is optimized with the Yoast SEO plugin v19.7.1 - https:\/\/yoast.com\/wordpress\/plugins\/seo\/ -->\n<title>Aviso legal - Montserrat Cabr\u00e9<\/title>\n<meta name=\"robots\" content=\"index, follow, max-snippet:-1, max-image-preview:large, max-video-preview:-1\" \/>\n<link rel=\"canonical\" href=\"https:\/\/montserratcabre.com\/es\/aviso-legal\/\" \/>\n<meta property=\"og:locale\" content=\"es_ES\" \/>\n<meta property=\"og:type\" content=\"article\" \/>\n<meta property=\"og:title\" content=\"Aviso legal - Montserrat Cabr\u00e9\" \/>\n<meta property=\"og:description\" content=\"Con el fin de dar cumplimiento al art\u00edculo 10 de la Ley 34\/2002 de Servicios de la Sociedad de la Informaci\u00f3n y del Comercio Electr\u00f3nico, informamos a los usuarios de [&hellip;]\" \/>\n<meta property=\"og:url\" content=\"https:\/\/montserratcabre.com\/es\/aviso-legal\/\" \/>\n<meta property=\"og:site_name\" content=\"Montserrat Cabr\u00e9\" \/>\n<meta property=\"article:publisher\" content=\"https:\/\/www.facebook.com\/pages\/category\/Massage-Therapist\/Centre-dOsteopatia-i-Salut-Montserrat-Cabr-770326176510135\/\" \/>\n<meta property=\"article:modified_time\" content=\"2021-12-14T11:48:51+00:00\" \/>\n<meta name=\"twitter:card\" content=\"summary_large_image\" \/>\n<meta name=\"twitter:label1\" content=\"Tiempo de lectura\" \/>\n\t<meta name=\"twitter:data1\" content=\"12 minutos\" \/>\n<script type=\"application\/ld+json\" class=\"yoast-schema-graph\">{\"@context\":\"https:\/\/schema.org\",\"@graph\":[{\"@type\":\"WebPage\",\"@id\":\"https:\/\/montserratcabre.com\/es\/aviso-legal\/\",\"url\":\"https:\/\/montserratcabre.com\/es\/aviso-legal\/\",\"name\":\"Aviso legal - Montserrat Cabr\u00e9\",\"isPartOf\":{\"@id\":\"https:\/\/montserratcabre.com\/es\/#website\"},\"datePublished\":\"2019-04-08T10:53:58+00:00\",\"dateModified\":\"2021-12-14T11:48:51+00:00\",\"breadcrumb\":{\"@id\":\"https:\/\/montserratcabre.com\/es\/aviso-legal\/#breadcrumb\"},\"inLanguage\":\"es\",\"potentialAction\":[{\"@type\":\"ReadAction\",\"target\":[\"https:\/\/montserratcabre.com\/es\/aviso-legal\/\"]}]},{\"@type\":\"BreadcrumbList\",\"@id\":\"https:\/\/montserratcabre.com\/es\/aviso-legal\/#breadcrumb\",\"itemListElement\":[{\"@type\":\"ListItem\",\"position\":1,\"name\":\"Inici\",\"item\":\"https:\/\/montserratcabre.com\/es\/\"},{\"@type\":\"ListItem\",\"position\":2,\"name\":\"Aviso legal\"}]},{\"@type\":\"WebSite\",\"@id\":\"https:\/\/montserratcabre.com\/es\/#website\",\"url\":\"https:\/\/montserratcabre.com\/es\/\",\"name\":\"Montserrat Cabr\u00e9\",\"description\":\"Osteopatia, fisioter\u00e0pia i nutrici\u00f3\",\"publisher\":{\"@id\":\"https:\/\/montserratcabre.com\/es\/#organization\"},\"potentialAction\":[{\"@type\":\"SearchAction\",\"target\":{\"@type\":\"EntryPoint\",\"urlTemplate\":\"https:\/\/montserratcabre.com\/es\/?s={search_term_string}\"},\"query-input\":\"required name=search_term_string\"}],\"inLanguage\":\"es\"},{\"@type\":\"Organization\",\"@id\":\"https:\/\/montserratcabre.com\/es\/#organization\",\"name\":\"Montserrat Cabr\u00e9\",\"url\":\"https:\/\/montserratcabre.com\/es\/\",\"sameAs\":[\"https:\/\/www.instagram.com\/osteopatiamontserratcabre\/\",\"https:\/\/www.facebook.com\/pages\/category\/Massage-Therapist\/Centre-dOsteopatia-i-Salut-Montserrat-Cabr-770326176510135\/\"],\"logo\":{\"@type\":\"ImageObject\",\"inLanguage\":\"es\",\"@id\":\"https:\/\/montserratcabre.com\/es\/#\/schema\/logo\/image\/\",\"url\":\"https:\/\/montserratcabre.com\/wp-content\/uploads\/2019\/10\/Montserrat-Cabr\u00e8-Rich.jpg\",\"contentUrl\":\"https:\/\/montserratcabre.com\/wp-content\/uploads\/2019\/10\/Montserrat-Cabr\u00e8-Rich.jpg\",\"width\":300,\"height\":300,\"caption\":\"Montserrat Cabr\u00e9\"},\"image\":{\"@id\":\"https:\/\/montserratcabre.com\/es\/#\/schema\/logo\/image\/\"}}]}<\/script>\n<!-- \/ Yoast SEO plugin. -->","yoast_head_json":{"title":"Aviso legal - Montserrat Cabr\u00e9","robots":{"index":"index","follow":"follow","max-snippet":"max-snippet:-1","max-image-preview":"max-image-preview:large","max-video-preview":"max-video-preview:-1"},"canonical":"https:\/\/montserratcabre.com\/es\/aviso-legal\/","og_locale":"es_ES","og_type":"article","og_title":"Aviso legal - Montserrat Cabr\u00e9","og_description":"Con el fin de dar cumplimiento al art\u00edculo 10 de la Ley 34\/2002 de Servicios de la Sociedad de la Informaci\u00f3n y del Comercio Electr\u00f3nico, informamos a los usuarios de [&hellip;]","og_url":"https:\/\/montserratcabre.com\/es\/aviso-legal\/","og_site_name":"Montserrat Cabr\u00e9","article_publisher":"https:\/\/www.facebook.com\/pages\/category\/Massage-Therapist\/Centre-dOsteopatia-i-Salut-Montserrat-Cabr-770326176510135\/","article_modified_time":"2021-12-14T11:48:51+00:00","twitter_card":"summary_large_image","twitter_misc":{"Tiempo de lectura":"12 minutos"},"schema":{"@context":"https:\/\/schema.org","@graph":[{"@type":"WebPage","@id":"https:\/\/montserratcabre.com\/es\/aviso-legal\/","url":"https:\/\/montserratcabre.com\/es\/aviso-legal\/","name":"Aviso legal - Montserrat Cabr\u00e9","isPartOf":{"@id":"https:\/\/montserratcabre.com\/es\/#website"},"datePublished":"2019-04-08T10:53:58+00:00","dateModified":"2021-12-14T11:48:51+00:00","breadcrumb":{"@id":"https:\/\/montserratcabre.com\/es\/aviso-legal\/#breadcrumb"},"inLanguage":"es","potentialAction":[{"@type":"ReadAction","target":["https:\/\/montserratcabre.com\/es\/aviso-legal\/"]}]},{"@type":"BreadcrumbList","@id":"https:\/\/montserratcabre.com\/es\/aviso-legal\/#breadcrumb","itemListElement":[{"@type":"ListItem","position":1,"name":"Inici","item":"https:\/\/montserratcabre.com\/es\/"},{"@type":"ListItem","position":2,"name":"Aviso legal"}]},{"@type":"WebSite","@id":"https:\/\/montserratcabre.com\/es\/#website","url":"https:\/\/montserratcabre.com\/es\/","name":"Montserrat Cabr\u00e9","description":"Osteopatia, fisioter\u00e0pia i nutrici\u00f3","publisher":{"@id":"https:\/\/montserratcabre.com\/es\/#organization"},"potentialAction":[{"@type":"SearchAction","target":{"@type":"EntryPoint","urlTemplate":"https:\/\/montserratcabre.com\/es\/?s={search_term_string}"},"query-input":"required name=search_term_string"}],"inLanguage":"es"},{"@type":"Organization","@id":"https:\/\/montserratcabre.com\/es\/#organization","name":"Montserrat Cabr\u00e9","url":"https:\/\/montserratcabre.com\/es\/","sameAs":["https:\/\/www.instagram.com\/osteopatiamontserratcabre\/","https:\/\/www.facebook.com\/pages\/category\/Massage-Therapist\/Centre-dOsteopatia-i-Salut-Montserrat-Cabr-770326176510135\/"],"logo":{"@type":"ImageObject","inLanguage":"es","@id":"https:\/\/montserratcabre.com\/es\/#\/schema\/logo\/image\/","url":"https:\/\/montserratcabre.com\/wp-content\/uploads\/2019\/10\/Montserrat-Cabr\u00e8-Rich.jpg","contentUrl":"https:\/\/montserratcabre.com\/wp-content\/uploads\/2019\/10\/Montserrat-Cabr\u00e8-Rich.jpg","width":300,"height":300,"caption":"Montserrat Cabr\u00e9"},"image":{"@id":"https:\/\/montserratcabre.com\/es\/#\/schema\/logo\/image\/"}}]}},"_links":{"self":[{"href":"https:\/\/montserratcabre.com\/es\/wp-json\/wp\/v2\/pages\/482\/"}],"collection":[{"href":"https:\/\/montserratcabre.com\/es\/wp-json\/wp\/v2\/pages\/"}],"about":[{"href":"https:\/\/montserratcabre.com\/es\/wp-json\/wp\/v2\/types\/page\/"}],"author":[{"embeddable":true,"href":"https:\/\/montserratcabre.com\/es\/wp-json\/wp\/v2\/users\/1\/"}],"replies":[{"embeddable":true,"href":"https:\/\/montserratcabre.com\/es\/wp-json\/wp\/v2\/comments\/?post=482"}],"version-history":[{"count":3,"href":"https:\/\/montserratcabre.com\/es\/wp-json\/wp\/v2\/pages\/482\/revisions\/"}],"predecessor-version":[{"id":1649,"href":"https:\/\/montserratcabre.com\/es\/wp-json\/wp\/v2\/pages\/482\/revisions\/1649\/"}],"wp:attachment":[{"href":"https:\/\/montserratcabre.com\/es\/wp-json\/wp\/v2\/media\/?parent=482"}],"curies":[{"name":"wp","href":"https:\/\/api.w.org\/{rel}","templated":true}]}}