{"id":483,"date":"2019-04-08T12:53:42","date_gmt":"2019-04-08T10:53:42","guid":{"rendered":"http:\/\/montserratcabre.es\/?page_id=483"},"modified":"2024-02-06T21:03:08","modified_gmt":"2024-02-06T19:03:08","slug":"fisioterapia","status":"publish","type":"page","link":"https:\/\/montserratcabre.com\/es\/fisioterapia\/","title":{"rendered":"Fisioterapia"},"content":{"rendered":"\n<p class=\"has-text-align-left\">La fisioterapia ayuda a restaurar el movimiento y la funci\u00f3n cuando alguien se ve afectado por una lesi\u00f3n, enfermedad o discapacidad.<\/p>\n\n\n\n<p class=\"has-text-align-left\">Los fisioterapeutas ayudan a las personas afectadas por una lesi\u00f3n a recuperarse a trav\u00e9s del movimiento y del ejercicio, la terapia manual, la educaci\u00f3n y el asesoramiento.<\/p>\n\n\n\n<p class=\"has-text-align-left\">Ayudan a mantener  la salud a las personas de todas las edades y a los pacientes a manejar el dolor y prevenir la enfermedad, conservando su autonom\u00eda durante el mayor tiempo posible.<\/p>\n","protected":false},"excerpt":{"rendered":"<p>La fisioterapia ayuda a restaurar el movimiento y la funci\u00f3n cuando alguien se ve afectado por una lesi\u00f3n, enfermedad o discapacidad. Los fisioterapeutas ayudan a las personas afectadas por una [&hellip;]<\/p>\n","protected":false},"author":1,"featured_media":0,"parent":0,"menu_order":0,"comment_status":"closed","ping_status":"closed","template":"template-fisioterapia.php","meta":{"inline_featured_image":false,"_joinchat":[]},"yoast_head":"<!-- This site is optimized with the Yoast SEO plugin v19.7.1 - https:\/\/yoast.com\/wordpress\/plugins\/seo\/ -->\n<title>Fisioterapia - Montserrat Cabr\u00e9 centro de osteopat\u00eda y salud<\/title>\n<meta name=\"description\" content=\"La fisioterapia es una disciplina de la salud que ofrece una alternativa terap\u00e9utica no farmacol\u00f3gica para diagnosticar, prevenir y tratar s\u00edntomas.\" \/>\n<meta name=\"robots\" content=\"index, follow, max-snippet:-1, max-image-preview:large, max-video-preview:-1\" \/>\n<link rel=\"canonical\" href=\"https:\/\/montserratcabre.com\/es\/fisioterapia\/\" \/>\n<meta property=\"og:locale\" content=\"es_ES\" \/>\n<meta property=\"og:type\" content=\"article\" \/>\n<meta property=\"og:title\" content=\"Fisioterapia - Montserrat Cabr\u00e9 centro de osteopat\u00eda y salud\" \/>\n<meta property=\"og:description\" content=\"La fisioterapia es una disciplina de la salud que ofrece una alternativa terap\u00e9utica no farmacol\u00f3gica para diagnosticar, prevenir y tratar s\u00edntomas.\" \/>\n<meta property=\"og:url\" content=\"https:\/\/montserratcabre.com\/es\/fisioterapia\/\" \/>\n<meta property=\"og:site_name\" content=\"Montserrat Cabr\u00e9\" \/>\n<meta property=\"article:publisher\" content=\"https:\/\/www.facebook.com\/pages\/category\/Massage-Therapist\/Centre-dOsteopatia-i-Salut-Montserrat-Cabr-770326176510135\/\" \/>\n<meta property=\"article:modified_time\" content=\"2024-02-06T19:03:08+00:00\" \/>\n<meta name=\"twitter:card\" content=\"summary_large_image\" \/>\n<meta name=\"twitter:label1\" content=\"Tiempo de lectura\" \/>\n\t<meta name=\"twitter:data1\" content=\"1 minuto\" \/>\n<script type=\"application\/ld+json\" class=\"yoast-schema-graph\">{\"@context\":\"https:\/\/schema.org\",\"@graph\":[{\"@type\":\"WebPage\",\"@id\":\"https:\/\/montserratcabre.com\/es\/fisioterapia\/\",\"url\":\"https:\/\/montserratcabre.com\/es\/fisioterapia\/\",\"name\":\"Fisioterapia - Montserrat Cabr\u00e9 centro de osteopat\u00eda y salud\",\"isPartOf\":{\"@id\":\"https:\/\/montserratcabre.com\/es\/#website\"},\"datePublished\":\"2019-04-08T10:53:42+00:00\",\"dateModified\":\"2024-02-06T19:03:08+00:00\",\"description\":\"La fisioterapia es una disciplina de la salud que ofrece una alternativa terap\u00e9utica no farmacol\u00f3gica para diagnosticar, prevenir y tratar s\u00edntomas.\",\"breadcrumb\":{\"@id\":\"https:\/\/montserratcabre.com\/es\/fisioterapia\/#breadcrumb\"},\"inLanguage\":\"es\",\"potentialAction\":[{\"@type\":\"ReadAction\",\"target\":[\"https:\/\/montserratcabre.com\/es\/fisioterapia\/\"]}]},{\"@type\":\"BreadcrumbList\",\"@id\":\"https:\/\/montserratcabre.com\/es\/fisioterapia\/#breadcrumb\",\"itemListElement\":[{\"@type\":\"ListItem\",\"position\":1,\"name\":\"Inici\",\"item\":\"https:\/\/montserratcabre.com\/es\/\"},{\"@type\":\"ListItem\",\"position\":2,\"name\":\"Fisioterapia\"}]},{\"@type\":\"WebSite\",\"@id\":\"https:\/\/montserratcabre.com\/es\/#website\",\"url\":\"https:\/\/montserratcabre.com\/es\/\",\"name\":\"Montserrat Cabr\u00e9\",\"description\":\"Osteopatia, fisioter\u00e0pia i nutrici\u00f3\",\"publisher\":{\"@id\":\"https:\/\/montserratcabre.com\/es\/#organization\"},\"potentialAction\":[{\"@type\":\"SearchAction\",\"target\":{\"@type\":\"EntryPoint\",\"urlTemplate\":\"https:\/\/montserratcabre.com\/es\/?s={search_term_string}\"},\"query-input\":\"required name=search_term_string\"}],\"inLanguage\":\"es\"},{\"@type\":\"Organization\",\"@id\":\"https:\/\/montserratcabre.com\/es\/#organization\",\"name\":\"Montserrat Cabr\u00e9\",\"url\":\"https:\/\/montserratcabre.com\/es\/\",\"sameAs\":[\"https:\/\/www.instagram.com\/osteopatiamontserratcabre\/\",\"https:\/\/www.facebook.com\/pages\/category\/Massage-Therapist\/Centre-dOsteopatia-i-Salut-Montserrat-Cabr-770326176510135\/\"],\"logo\":{\"@type\":\"ImageObject\",\"inLanguage\":\"es\",\"@id\":\"https:\/\/montserratcabre.com\/es\/#\/schema\/logo\/image\/\",\"url\":\"https:\/\/montserratcabre.com\/wp-content\/uploads\/2019\/10\/Montserrat-Cabr\u00e8-Rich.jpg\",\"contentUrl\":\"https:\/\/montserratcabre.com\/wp-content\/uploads\/2019\/10\/Montserrat-Cabr\u00e8-Rich.jpg\",\"width\":300,\"height\":300,\"caption\":\"Montserrat Cabr\u00e9\"},\"image\":{\"@id\":\"https:\/\/montserratcabre.com\/es\/#\/schema\/logo\/image\/\"}}]}<\/script>\n<!-- \/ Yoast SEO plugin. -->","yoast_head_json":{"title":"Fisioterapia - Montserrat Cabr\u00e9 centro de osteopat\u00eda y salud","description":"La fisioterapia es una disciplina de la salud que ofrece una alternativa terap\u00e9utica no farmacol\u00f3gica para diagnosticar, prevenir y tratar s\u00edntomas.","robots":{"index":"index","follow":"follow","max-snippet":"max-snippet:-1","max-image-preview":"max-image-preview:large","max-video-preview":"max-video-preview:-1"},"canonical":"https:\/\/montserratcabre.com\/es\/fisioterapia\/","og_locale":"es_ES","og_type":"article","og_title":"Fisioterapia - Montserrat Cabr\u00e9 centro de osteopat\u00eda y salud","og_description":"La fisioterapia es una disciplina de la salud que ofrece una alternativa terap\u00e9utica no farmacol\u00f3gica para diagnosticar, prevenir y tratar s\u00edntomas.","og_url":"https:\/\/montserratcabre.com\/es\/fisioterapia\/","og_site_name":"Montserrat Cabr\u00e9","article_publisher":"https:\/\/www.facebook.com\/pages\/category\/Massage-Therapist\/Centre-dOsteopatia-i-Salut-Montserrat-Cabr-770326176510135\/","article_modified_time":"2024-02-06T19:03:08+00:00","twitter_card":"summary_large_image","twitter_misc":{"Tiempo de lectura":"1 minuto"},"schema":{"@context":"https:\/\/schema.org","@graph":[{"@type":"WebPage","@id":"https:\/\/montserratcabre.com\/es\/fisioterapia\/","url":"https:\/\/montserratcabre.com\/es\/fisioterapia\/","name":"Fisioterapia - Montserrat Cabr\u00e9 centro de osteopat\u00eda y salud","isPartOf":{"@id":"https:\/\/montserratcabre.com\/es\/#website"},"datePublished":"2019-04-08T10:53:42+00:00","dateModified":"2024-02-06T19:03:08+00:00","description":"La fisioterapia es una disciplina de la salud que ofrece una alternativa terap\u00e9utica no farmacol\u00f3gica para diagnosticar, prevenir y tratar s\u00edntomas.","breadcrumb":{"@id":"https:\/\/montserratcabre.com\/es\/fisioterapia\/#breadcrumb"},"inLanguage":"es","potentialAction":[{"@type":"ReadAction","target":["https:\/\/montserratcabre.com\/es\/fisioterapia\/"]}]},{"@type":"BreadcrumbList","@id":"https:\/\/montserratcabre.com\/es\/fisioterapia\/#breadcrumb","itemListElement":[{"@type":"ListItem","position":1,"name":"Inici","item":"https:\/\/montserratcabre.com\/es\/"},{"@type":"ListItem","position":2,"name":"Fisioterapia"}]},{"@type":"WebSite","@id":"https:\/\/montserratcabre.com\/es\/#website","url":"https:\/\/montserratcabre.com\/es\/","name":"Montserrat Cabr\u00e9","description":"Osteopatia, fisioter\u00e0pia i nutrici\u00f3","publisher":{"@id":"https:\/\/montserratcabre.com\/es\/#organization"},"potentialAction":[{"@type":"SearchAction","target":{"@type":"EntryPoint","urlTemplate":"https:\/\/montserratcabre.com\/es\/?s={search_term_string}"},"query-input":"required name=search_term_string"}],"inLanguage":"es"},{"@type":"Organization","@id":"https:\/\/montserratcabre.com\/es\/#organization","name":"Montserrat Cabr\u00e9","url":"https:\/\/montserratcabre.com\/es\/","sameAs":["https:\/\/www.instagram.com\/osteopatiamontserratcabre\/","https:\/\/www.facebook.com\/pages\/category\/Massage-Therapist\/Centre-dOsteopatia-i-Salut-Montserrat-Cabr-770326176510135\/"],"logo":{"@type":"ImageObject","inLanguage":"es","@id":"https:\/\/montserratcabre.com\/es\/#\/schema\/logo\/image\/","url":"https:\/\/montserratcabre.com\/wp-content\/uploads\/2019\/10\/Montserrat-Cabr\u00e8-Rich.jpg","contentUrl":"https:\/\/montserratcabre.com\/wp-content\/uploads\/2019\/10\/Montserrat-Cabr\u00e8-Rich.jpg","width":300,"height":300,"caption":"Montserrat Cabr\u00e9"},"image":{"@id":"https:\/\/montserratcabre.com\/es\/#\/schema\/logo\/image\/"}}]}},"_links":{"self":[{"href":"https:\/\/montserratcabre.com\/es\/wp-json\/wp\/v2\/pages\/483\/"}],"collection":[{"href":"https:\/\/montserratcabre.com\/es\/wp-json\/wp\/v2\/pages\/"}],"about":[{"href":"https:\/\/montserratcabre.com\/es\/wp-json\/wp\/v2\/types\/page\/"}],"author":[{"embeddable":true,"href":"https:\/\/montserratcabre.com\/es\/wp-json\/wp\/v2\/users\/1\/"}],"replies":[{"embeddable":true,"href":"https:\/\/montserratcabre.com\/es\/wp-json\/wp\/v2\/comments\/?post=483"}],"version-history":[{"count":5,"href":"https:\/\/montserratcabre.com\/es\/wp-json\/wp\/v2\/pages\/483\/revisions\/"}],"predecessor-version":[{"id":1391,"href":"https:\/\/montserratcabre.com\/es\/wp-json\/wp\/v2\/pages\/483\/revisions\/1391\/"}],"wp:attachment":[{"href":"https:\/\/montserratcabre.com\/es\/wp-json\/wp\/v2\/media\/?parent=483"}],"curies":[{"name":"wp","href":"https:\/\/api.w.org\/{rel}","templated":true}]}}