{"id":494,"date":"2019-04-08T13:01:41","date_gmt":"2019-04-08T11:01:41","guid":{"rendered":"http:\/\/montserratcabre.es\/?page_id=494"},"modified":"2019-04-29T17:30:13","modified_gmt":"2019-04-29T15:30:13","slug":"reserva-visita","status":"publish","type":"page","link":"https:\/\/montserratcabre.com\/es\/reserva-visita\/","title":{"rendered":"Reserva visita"},"content":{"rendered":"\n<p>Rellena los datos del formulario con tus preferencias para concertar la visita que m\u00e1s se avenga a tus necesidades<\/p>\n\n\n<div role=\"form\" class=\"wpcf7\" id=\"wpcf7-f493-o1\" lang=\"ca\" dir=\"ltr\">\n<div class=\"screen-reader-response\"><p role=\"status\" aria-live=\"polite\" aria-atomic=\"true\"><\/p> <ul><\/ul><\/div>\n<form action=\"\/es\/wp-json\/wp\/v2\/pages\/494\/#wpcf7-f493-o1\" method=\"post\" class=\"wpcf7-form init\" novalidate=\"novalidate\" data-status=\"init\">\n<div style=\"display: none;\">\n<input type=\"hidden\" name=\"_wpcf7\" value=\"493\" \/>\n<input type=\"hidden\" name=\"_wpcf7_version\" value=\"5.6.3\" \/>\n<input type=\"hidden\" name=\"_wpcf7_locale\" value=\"ca\" \/>\n<input type=\"hidden\" name=\"_wpcf7_unit_tag\" value=\"wpcf7-f493-o1\" \/>\n<input type=\"hidden\" name=\"_wpcf7_container_post\" value=\"0\" \/>\n<input type=\"hidden\" name=\"_wpcf7_posted_data_hash\" value=\"\" \/>\n<input type=\"hidden\" name=\"_wpcf7_recaptcha_response\" value=\"\" \/>\n<\/div>\n<div class=\"form-block\">\n<strong>Nombre y apellidos*<\/strong><br \/>\n<span class=\"wpcf7-form-control-wrap\" data-name=\"your-name\"><input type=\"text\" name=\"your-name\" value=\"\" size=\"40\" class=\"wpcf7-form-control wpcf7-text wpcf7-validates-as-required\" aria-required=\"true\" aria-invalid=\"false\" \/><\/span>\n<\/div>\n<div class=\"form-row\">\n<div class=\"form-block meitat\">\n<strong>Correo electr\u00f3nico*<\/strong><br \/>\n<span class=\"wpcf7-form-control-wrap\" data-name=\"your-email\"><input type=\"email\" name=\"your-email\" value=\"\" size=\"40\" class=\"wpcf7-form-control wpcf7-text wpcf7-email wpcf7-validates-as-required wpcf7-validates-as-email\" aria-required=\"true\" aria-invalid=\"false\" \/><\/span>\n<\/div>\n<div class=\"form-block meitat\">\n<strong>Tel\u00e9fono<\/strong><br \/>\n<span class=\"wpcf7-form-control-wrap\" data-name=\"tel-708\"><input type=\"tel\" name=\"tel-708\" value=\"\" size=\"40\" class=\"wpcf7-form-control wpcf7-text wpcf7-tel wpcf7-validates-as-tel\" aria-invalid=\"false\" \/><\/span><br \/>\n(Si nos facilitas el tel\u00e9fono te llamaremos y concertaremos una visita al momento)\n<\/div>\n<\/div>\n<div class=\"form-block\">\n<strong>Selecciona la especialidad de la visita:<\/strong><\/p>\n<div class=\"checkbox-wrapper\">\n<span class=\"wpcf7-form-control-wrap checkbox-777\"><br \/>\n    <span class=\"wpcf7-form-control wpcf7-checkbox\"><br \/>\n        <span class=\"wpcf7-list-item first\"><br \/>\n            <input type=\"checkbox\" name=\"checkbox-777[]\" value=\"Osteopatia per adults\"><br \/>\n            <span class=\"wpcf7-list-item-label\"><br \/>\n                <img src=\"http:\/\/montserratcabre.com\/wp-content\/uploads\/2019\/03\/1osteopatia-adults-1.jpg\"><br \/>\n                <span class=\"text\">Osteopat\u00eda para adultos <a target=\"_blank\" href=\"http:\/\/montserratcabre.com\/es\/osteopatia\/osteopatia-para-adultos-en-mataro\/\">(+ info)<\/a><\/span><br \/>\n            <\/span><br \/>\n        <\/span><br \/>\n        <span class=\"wpcf7-list-item\"><br \/>\n            <input type=\"checkbox\" name=\"checkbox-777[]\" value=\"Osteopatia infantil \/ beb\u00e9s\"><br \/>\n            <span class=\"wpcf7-list-item-label\"><br \/>\n                <img src=\"http:\/\/montserratcabre.com\/wp-content\/uploads\/2019\/03\/2osteopatiainfantil-1.jpg\"><br \/>\n                <span class=\"text\">Osteopat\u00eda infantil \/ beb\u00e9s <a target=\"_blank\" href=\"http:\/\/montserratcabre.com\/es\/osteopatia\/osteopatia-infantil-y-bebes-en-mataro\/\">(+ info)<\/a><\/span><br \/>\n            <\/span><br \/>\n        <\/span><br \/>\n        <span class=\"wpcf7-list-item\"><br \/>\n            <input type=\"checkbox\" name=\"checkbox-777[]\" value=\"Fisioter\u00e0pia \/ Rehabilitaci\u00f3 funcional\"><br \/>\n            <span class=\"wpcf7-list-item-label\"><br \/>\n                <img src=\"http:\/\/montserratcabre.com\/wp-content\/uploads\/2019\/03\/ok_3fisioterapia.jpg\"><br \/>\n                <span class=\"text\">Fisioterapia \/ Rehabilitaci\u00f3n funcional <a target=\"_blank\" href=\"http:\/\/montserratcabre.com\/es\/fistioterapia\/\">(+ info)<\/a><\/span><br \/>\n            <\/span><br \/>\n        <\/span><br \/>\n        <span class=\"wpcf7-list-item\"><br \/>\n            <input type=\"checkbox\" name=\"checkbox-777[]\" value=\"S\u00f2l p\u00e8lvic\"><br \/>\n            <span class=\"wpcf7-list-item-label\"><br \/>\n                <img src=\"http:\/\/montserratcabre.com\/wp-content\/uploads\/2019\/03\/4solpelvic-1.jpg\"><br \/>\n                <span class=\"text\">Suelo p\u00e9lvico <a target=\"_blank\" href=\"http:\/\/montserratcabre.com\/es\/fisioterapia\/fisioterapia-y-rehabilitacion-del-suelo-pelvico-en-mataro\/\">(+ info)<\/a><\/span><br \/>\n            <\/span><br \/>\n        <\/span><br \/>\n        <span class=\"wpcf7-list-item\"><br \/>\n            <input type=\"checkbox\" name=\"checkbox-777[]\" value=\"Nutrici\u00f3 i diet\u00e8tica\"><br \/>\n            <span class=\"wpcf7-list-item-label\"><br \/>\n                <img src=\"http:\/\/montserratcabre.com\/wp-content\/uploads\/2019\/03\/5nutricio-1.jpg\"><br \/>\n                <span class=\"text\">Nutrici\u00f3n y diet\u00e9tica <a target=\"_blank\" href=\"http:\/\/montserratcabre.com\/es\/dietetica-i-nutricio\/\">(+ info)<\/a><\/span><br \/>\n            <\/span><br \/>\n        <\/span><br \/>\n        <span class=\"wpcf7-list-item\"><br \/>\n            <input type=\"checkbox\" name=\"checkbox-777[]\" value=\"Massatge\"><br \/>\n            <span class=\"wpcf7-list-item-label\"><br \/>\n                <img src=\"http:\/\/montserratcabre.com\/wp-content\/uploads\/2019\/03\/6massatges-1.jpg\"><br \/>\n                <span class=\"text\">Masaje <a target=\"_blank\" href=\"http:\/\/montserratcabre.com\/es\/fisioterapia\/tecnicas-de-la-fisioterapia\/\">(+ info)<\/a><\/span><br \/>\n            <\/span><br \/>\n        <\/span><br \/>\n       <span class=\"wpcf7-list-item margin-top\">Clases grupales<\/span><br \/>\n        <span class=\"wpcf7-list-item\"><br \/>\n            <input type=\"checkbox\" name=\"checkbox-777[]\" value=\"Classes pilates\"><br \/>\n            <span class=\"wpcf7-list-item-label\"><br \/>\n                <img src=\"http:\/\/montserratcabre.com\/wp-content\/uploads\/2019\/03\/7pilates-1.jpg\"><br \/>\n                <span class=\"text\">Clases pilates <a target=\"_blank\" href=\"http:\/\/montserratcabre.com\/es\/fisioterapia\/sesiones-grupales-dirigidas-por-fisioterapeutas\/\">(+ info)<\/a><\/span><br \/>\n            <\/span><br \/>\n        <\/span><br \/>\n        <span class=\"wpcf7-list-item\"><br \/>\n            <input type=\"checkbox\" name=\"checkbox-777[]\" value=\"Classes hipopressius\"><br \/>\n            <span class=\"wpcf7-list-item-label\"><br \/>\n                <img src=\"http:\/\/montserratcabre.com\/wp-content\/uploads\/2019\/03\/ok_8hipopressius.jpg\"><br \/>\n                <span class=\"text\">Clases hipopresivos <a target=\"_blank\" href=\"http:\/\/montserratcabre.com\/es\/fisioterapia\/sesiones-grupales-dirigidas-por-fisioterapeutas\/\">(+ info)<\/a><\/span><br \/>\n            <\/span><br \/>\n        <\/span><br \/>\n        <span class=\"wpcf7-list-item last\"><br \/>\n            <input type=\"checkbox\" name=\"checkbox-777[]\" value=\"Classes prepart i postpart\"><br \/>\n            <span class=\"wpcf7-list-item-label\"><br \/>\n                <img src=\"http:\/\/montserratcabre.com\/wp-content\/uploads\/2019\/03\/9prepart-1.jpg\"><br \/>\n                <span class=\"text\">Clases preparto y postparto <a target=\"_blank\" href=\"http:\/\/montserratcabre.com\/es\/fisioterapia\/sesiones-grupales-dirigidas-por-fisioterapeutas\/\">(+ info)<\/a><\/span><br \/>\n            <\/span><br \/>\n        <\/span><br \/>\n    <\/span><br \/>\n<\/span>\n<\/div>\n<\/div>\n<div class=\"form-block\">\n<strong>Motivo de su visita<\/strong><br \/>\n<span class=\"wpcf7-form-control-wrap\" data-name=\"textarea-200\"><textarea name=\"textarea-200\" cols=\"40\" rows=\"10\" class=\"wpcf7-form-control wpcf7-textarea\" aria-invalid=\"false\"><\/textarea><\/span>\n<\/div>\n<div class=\"form-block\">\n<p><strong>Preferencia horaria<\/strong><\/p>\n<p><span class=\"wpcf7-form-control-wrap\" data-name=\"checkbox-836\"><span class=\"wpcf7-form-control wpcf7-checkbox\"><span class=\"wpcf7-list-item first\"><input type=\"checkbox\" name=\"checkbox-836[]\" value=\"Lunes\" \/><span class=\"wpcf7-list-item-label\">Lunes<\/span><\/span><span class=\"wpcf7-list-item\"><input type=\"checkbox\" name=\"checkbox-836[]\" value=\"Martes\" \/><span class=\"wpcf7-list-item-label\">Martes<\/span><\/span><span class=\"wpcf7-list-item\"><input type=\"checkbox\" name=\"checkbox-836[]\" value=\"Mi\u00e9rcoles\" \/><span class=\"wpcf7-list-item-label\">Mi\u00e9rcoles<\/span><\/span><span class=\"wpcf7-list-item\"><input type=\"checkbox\" name=\"checkbox-836[]\" value=\"Jueves\" \/><span class=\"wpcf7-list-item-label\">Jueves<\/span><\/span><span class=\"wpcf7-list-item last\"><input type=\"checkbox\" name=\"checkbox-836[]\" value=\"Viernes\" \/><span class=\"wpcf7-list-item-label\">Viernes<\/span><\/span><\/span><\/span><\/p>\n<p><span class=\"wpcf7-form-control-wrap\" data-name=\"checkbox-285\"><span class=\"wpcf7-form-control wpcf7-checkbox\"><span class=\"wpcf7-list-item first\"><input type=\"checkbox\" name=\"checkbox-285[]\" value=\"Ma\u00f1anas\" \/><span class=\"wpcf7-list-item-label\">Ma\u00f1anas<\/span><\/span><span class=\"wpcf7-list-item last\"><input type=\"checkbox\" name=\"checkbox-285[]\" value=\"Tardes\" \/><span class=\"wpcf7-list-item-label\">Tardes<\/span><\/span><\/span><\/span><\/p>\n<\/div>\n<div class=\"form-block legal\">\n<p><span class=\"wpcf7-form-control-wrap\" data-name=\"acceptance-973\"><span class=\"wpcf7-form-control wpcf7-acceptance optional\"><span class=\"wpcf7-list-item\"><input type=\"checkbox\" name=\"acceptance-973\" value=\"1\" aria-invalid=\"false\" \/><\/span><\/span><\/span> Acepto el env\u00edo de comunicaciones comerciales<\/p>\n<p><span class=\"wpcf7-form-control-wrap\" data-name=\"acceptance-972\"><span class=\"wpcf7-form-control wpcf7-acceptance\"><span class=\"wpcf7-list-item\"><input type=\"checkbox\" name=\"acceptance-972\" value=\"1\" aria-invalid=\"false\" \/><\/span><\/span><\/span> Acepto la <a target=\"_blank\" href=\"http:\/\/montserratcabre.com\/es\/politica-de-privacidad\/\">Pol\u00edtica de privacidad<\/a>\n<\/div>\n<p><input type=\"submit\" value=\"Enviar\" class=\"wpcf7-form-control has-spinner wpcf7-submit\" \/><\/p>\n<p>* Campo obligatorio<\/p>\n<div class=\"wpcf7-response-output\" aria-hidden=\"true\"><\/div><\/form><\/div>\n\n\n\n<p>MONTSERRAT CABR\u00c9 ESTEVE, como Responsable del Tratamiento, utilizar\u00e1 sus datos exclusivamente para la finalidad de atender su solicitud, siempre de acuerdo al Reglamento (UE) 2016\/679 de 27 de abril de 2016 (RGPD), Ley Org\u00e1nica 3\/2018 de 5 de diciembre (LOPDGDD) y dem\u00e1s normativa legal vigente en materia de protecci\u00f3n de datos personales, sobre protecci\u00f3n de datos. La base leg\u00edtima es su consentimiento el cual puede revocar en cualquier momento Sus datos no se comunicar\u00e1n a terceros, excepto por obligaci\u00f3n legal, y se mantendr\u00e1n mientras no solicite su cancelaci\u00f3n.<\/p>\n\n\n\n<p>En cualquier\nmomento usted puede ejercer los derechos de acceso, rectificaci\u00f3n, portabilidad\ny oposici\u00f3n, o si procede, a la limitaci\u00f3n y\/o cancelaci\u00f3n del tratamiento,\ncomunic\u00e1ndolo por escrito, indicando sus datos personales a C\/ Sant Joaquim,\n32, local \u2013 08302 Matar\u00f3 (Barcelona) o mediante un email a\nconsulta@montserratcabre.es.<\/p>\n","protected":false},"excerpt":{"rendered":"<p>Rellena los datos del formulario con tus preferencias para concertar la visita que m\u00e1s se avenga a tus necesidades MONTSERRAT CABR\u00c9 ESTEVE, como Responsable del Tratamiento, utilizar\u00e1 sus datos exclusivamente [&hellip;]<\/p>\n","protected":false},"author":1,"featured_media":0,"parent":0,"menu_order":0,"comment_status":"closed","ping_status":"closed","template":"template-contacte.php","meta":{"inline_featured_image":false,"_joinchat":[]},"yoast_head":"<!-- This site is optimized with the Yoast SEO plugin v19.7.1 - https:\/\/yoast.com\/wordpress\/plugins\/seo\/ -->\n<title>Reserva visita - Montserrat Cabr\u00e9<\/title>\n<meta name=\"robots\" content=\"index, follow, max-snippet:-1, max-image-preview:large, max-video-preview:-1\" \/>\n<link rel=\"canonical\" href=\"https:\/\/montserratcabre.com\/es\/reserva-visita\/\" \/>\n<meta property=\"og:locale\" content=\"es_ES\" \/>\n<meta property=\"og:type\" content=\"article\" \/>\n<meta property=\"og:title\" content=\"Reserva visita - Montserrat Cabr\u00e9\" \/>\n<meta property=\"og:description\" content=\"Rellena los datos del formulario con tus preferencias para concertar la visita que m\u00e1s se avenga a tus necesidades MONTSERRAT CABR\u00c9 ESTEVE, como Responsable del Tratamiento, utilizar\u00e1 sus datos exclusivamente [&hellip;]\" \/>\n<meta property=\"og:url\" content=\"https:\/\/montserratcabre.com\/es\/reserva-visita\/\" \/>\n<meta property=\"og:site_name\" content=\"Montserrat Cabr\u00e9\" \/>\n<meta property=\"article:publisher\" content=\"https:\/\/www.facebook.com\/pages\/category\/Massage-Therapist\/Centre-dOsteopatia-i-Salut-Montserrat-Cabr-770326176510135\/\" \/>\n<meta property=\"article:modified_time\" content=\"2019-04-29T15:30:13+00:00\" \/>\n<meta name=\"twitter:card\" content=\"summary_large_image\" \/>\n<meta name=\"twitter:label1\" content=\"Tiempo de lectura\" \/>\n\t<meta name=\"twitter:data1\" content=\"1 minuto\" \/>\n<script type=\"application\/ld+json\" class=\"yoast-schema-graph\">{\"@context\":\"https:\/\/schema.org\",\"@graph\":[{\"@type\":\"WebPage\",\"@id\":\"https:\/\/montserratcabre.com\/es\/reserva-visita\/\",\"url\":\"https:\/\/montserratcabre.com\/es\/reserva-visita\/\",\"name\":\"Reserva visita - Montserrat Cabr\u00e9\",\"isPartOf\":{\"@id\":\"https:\/\/montserratcabre.com\/es\/#website\"},\"datePublished\":\"2019-04-08T11:01:41+00:00\",\"dateModified\":\"2019-04-29T15:30:13+00:00\",\"breadcrumb\":{\"@id\":\"https:\/\/montserratcabre.com\/es\/reserva-visita\/#breadcrumb\"},\"inLanguage\":\"es\",\"potentialAction\":[{\"@type\":\"ReadAction\",\"target\":[\"https:\/\/montserratcabre.com\/es\/reserva-visita\/\"]}]},{\"@type\":\"BreadcrumbList\",\"@id\":\"https:\/\/montserratcabre.com\/es\/reserva-visita\/#breadcrumb\",\"itemListElement\":[{\"@type\":\"ListItem\",\"position\":1,\"name\":\"Inici\",\"item\":\"https:\/\/montserratcabre.com\/es\/\"},{\"@type\":\"ListItem\",\"position\":2,\"name\":\"Reserva visita\"}]},{\"@type\":\"WebSite\",\"@id\":\"https:\/\/montserratcabre.com\/es\/#website\",\"url\":\"https:\/\/montserratcabre.com\/es\/\",\"name\":\"Montserrat Cabr\u00e9\",\"description\":\"Osteopatia, fisioter\u00e0pia i nutrici\u00f3\",\"publisher\":{\"@id\":\"https:\/\/montserratcabre.com\/es\/#organization\"},\"potentialAction\":[{\"@type\":\"SearchAction\",\"target\":{\"@type\":\"EntryPoint\",\"urlTemplate\":\"https:\/\/montserratcabre.com\/es\/?s={search_term_string}\"},\"query-input\":\"required name=search_term_string\"}],\"inLanguage\":\"es\"},{\"@type\":\"Organization\",\"@id\":\"https:\/\/montserratcabre.com\/es\/#organization\",\"name\":\"Montserrat Cabr\u00e9\",\"url\":\"https:\/\/montserratcabre.com\/es\/\",\"sameAs\":[\"https:\/\/www.instagram.com\/osteopatiamontserratcabre\/\",\"https:\/\/www.facebook.com\/pages\/category\/Massage-Therapist\/Centre-dOsteopatia-i-Salut-Montserrat-Cabr-770326176510135\/\"],\"logo\":{\"@type\":\"ImageObject\",\"inLanguage\":\"es\",\"@id\":\"https:\/\/montserratcabre.com\/es\/#\/schema\/logo\/image\/\",\"url\":\"https:\/\/montserratcabre.com\/wp-content\/uploads\/2019\/10\/Montserrat-Cabr\u00e8-Rich.jpg\",\"contentUrl\":\"https:\/\/montserratcabre.com\/wp-content\/uploads\/2019\/10\/Montserrat-Cabr\u00e8-Rich.jpg\",\"width\":300,\"height\":300,\"caption\":\"Montserrat Cabr\u00e9\"},\"image\":{\"@id\":\"https:\/\/montserratcabre.com\/es\/#\/schema\/logo\/image\/\"}}]}<\/script>\n<!-- \/ Yoast SEO plugin. -->","yoast_head_json":{"title":"Reserva visita - Montserrat Cabr\u00e9","robots":{"index":"index","follow":"follow","max-snippet":"max-snippet:-1","max-image-preview":"max-image-preview:large","max-video-preview":"max-video-preview:-1"},"canonical":"https:\/\/montserratcabre.com\/es\/reserva-visita\/","og_locale":"es_ES","og_type":"article","og_title":"Reserva visita - Montserrat Cabr\u00e9","og_description":"Rellena los datos del formulario con tus preferencias para concertar la visita que m\u00e1s se avenga a tus necesidades MONTSERRAT CABR\u00c9 ESTEVE, como Responsable del Tratamiento, utilizar\u00e1 sus datos exclusivamente [&hellip;]","og_url":"https:\/\/montserratcabre.com\/es\/reserva-visita\/","og_site_name":"Montserrat Cabr\u00e9","article_publisher":"https:\/\/www.facebook.com\/pages\/category\/Massage-Therapist\/Centre-dOsteopatia-i-Salut-Montserrat-Cabr-770326176510135\/","article_modified_time":"2019-04-29T15:30:13+00:00","twitter_card":"summary_large_image","twitter_misc":{"Tiempo de lectura":"1 minuto"},"schema":{"@context":"https:\/\/schema.org","@graph":[{"@type":"WebPage","@id":"https:\/\/montserratcabre.com\/es\/reserva-visita\/","url":"https:\/\/montserratcabre.com\/es\/reserva-visita\/","name":"Reserva visita - Montserrat Cabr\u00e9","isPartOf":{"@id":"https:\/\/montserratcabre.com\/es\/#website"},"datePublished":"2019-04-08T11:01:41+00:00","dateModified":"2019-04-29T15:30:13+00:00","breadcrumb":{"@id":"https:\/\/montserratcabre.com\/es\/reserva-visita\/#breadcrumb"},"inLanguage":"es","potentialAction":[{"@type":"ReadAction","target":["https:\/\/montserratcabre.com\/es\/reserva-visita\/"]}]},{"@type":"BreadcrumbList","@id":"https:\/\/montserratcabre.com\/es\/reserva-visita\/#breadcrumb","itemListElement":[{"@type":"ListItem","position":1,"name":"Inici","item":"https:\/\/montserratcabre.com\/es\/"},{"@type":"ListItem","position":2,"name":"Reserva visita"}]},{"@type":"WebSite","@id":"https:\/\/montserratcabre.com\/es\/#website","url":"https:\/\/montserratcabre.com\/es\/","name":"Montserrat Cabr\u00e9","description":"Osteopatia, fisioter\u00e0pia i nutrici\u00f3","publisher":{"@id":"https:\/\/montserratcabre.com\/es\/#organization"},"potentialAction":[{"@type":"SearchAction","target":{"@type":"EntryPoint","urlTemplate":"https:\/\/montserratcabre.com\/es\/?s={search_term_string}"},"query-input":"required name=search_term_string"}],"inLanguage":"es"},{"@type":"Organization","@id":"https:\/\/montserratcabre.com\/es\/#organization","name":"Montserrat Cabr\u00e9","url":"https:\/\/montserratcabre.com\/es\/","sameAs":["https:\/\/www.instagram.com\/osteopatiamontserratcabre\/","https:\/\/www.facebook.com\/pages\/category\/Massage-Therapist\/Centre-dOsteopatia-i-Salut-Montserrat-Cabr-770326176510135\/"],"logo":{"@type":"ImageObject","inLanguage":"es","@id":"https:\/\/montserratcabre.com\/es\/#\/schema\/logo\/image\/","url":"https:\/\/montserratcabre.com\/wp-content\/uploads\/2019\/10\/Montserrat-Cabr\u00e8-Rich.jpg","contentUrl":"https:\/\/montserratcabre.com\/wp-content\/uploads\/2019\/10\/Montserrat-Cabr\u00e8-Rich.jpg","width":300,"height":300,"caption":"Montserrat Cabr\u00e9"},"image":{"@id":"https:\/\/montserratcabre.com\/es\/#\/schema\/logo\/image\/"}}]}},"_links":{"self":[{"href":"https:\/\/montserratcabre.com\/es\/wp-json\/wp\/v2\/pages\/494\/"}],"collection":[{"href":"https:\/\/montserratcabre.com\/es\/wp-json\/wp\/v2\/pages\/"}],"about":[{"href":"https:\/\/montserratcabre.com\/es\/wp-json\/wp\/v2\/types\/page\/"}],"author":[{"embeddable":true,"href":"https:\/\/montserratcabre.com\/es\/wp-json\/wp\/v2\/users\/1\/"}],"replies":[{"embeddable":true,"href":"https:\/\/montserratcabre.com\/es\/wp-json\/wp\/v2\/comments\/?post=494"}],"version-history":[{"count":2,"href":"https:\/\/montserratcabre.com\/es\/wp-json\/wp\/v2\/pages\/494\/revisions\/"}],"predecessor-version":[{"id":647,"href":"https:\/\/montserratcabre.com\/es\/wp-json\/wp\/v2\/pages\/494\/revisions\/647\/"}],"wp:attachment":[{"href":"https:\/\/montserratcabre.com\/es\/wp-json\/wp\/v2\/media\/?parent=494"}],"curies":[{"name":"wp","href":"https:\/\/api.w.org\/{rel}","templated":true}]}}