{"id":549,"date":"2019-01-14T14:58:12","date_gmt":"2019-01-14T12:58:12","guid":{"rendered":"http:\/\/montserratcabre.es\/?page_id=549"},"modified":"2019-04-15T12:47:49","modified_gmt":"2019-04-15T10:47:49","slug":"columna-interactiva","status":"publish","type":"page","link":"https:\/\/montserratcabre.com\/es\/columna-interactiva\/","title":{"rendered":"Columna vertebral interactiva"},"content":{"rendered":"\n<h2>Toda afectaci\u00f3n vertebral necesita la valoraci\u00f3n y diagn\u00f3stico de un profesional por pautar un tratamiento<\/h2>\n\n\n\n<p>El sistema nervioso coordina y\ncontrola todos los \u00f3rganos y las estructuras del cuerpo.<\/p>\n\n\n\n<p>Un alineamiento vertebral\nincorrecto puede desencadenar un s\u00edntoma, que es la alarma que alg\u00fan \u00f3rgano no\nest\u00e1 funcionando correctamente, afectando as\u00ed su funci\u00f3n metab\u00f3lica.<\/p>\n\n\n\n<p>Despl\u00e1zate y haz Click en cada\nindicaci\u00f3n de la v\u00e9rtebra, o utiliza el desplegable, y os mostrar\u00e1 la relaci\u00f3n\nentre la columna vertebral y sus \u00f3rganos, as\u00ed como los posibles s\u00edntomas\nasociados de cada regi\u00f3n vertebral.null<\/p>\n","protected":false},"excerpt":{"rendered":"<p>Toda afectaci\u00f3n vertebral necesita la valoraci\u00f3n y diagn\u00f3stico de un profesional por pautar un tratamiento El sistema nervioso coordina y controla todos los \u00f3rganos y las estructuras del cuerpo. Un [&hellip;]<\/p>\n","protected":false},"author":1,"featured_media":0,"parent":0,"menu_order":0,"comment_status":"closed","ping_status":"closed","template":"template-columna.php","meta":{"inline_featured_image":false,"_joinchat":[]},"yoast_head":"<!-- This site is optimized with the Yoast SEO plugin v19.7.1 - https:\/\/yoast.com\/wordpress\/plugins\/seo\/ -->\n<title>Columna vertebral interactiva - Montserrat Cabr\u00e9<\/title>\n<meta name=\"robots\" content=\"index, follow, max-snippet:-1, max-image-preview:large, max-video-preview:-1\" \/>\n<link rel=\"canonical\" href=\"https:\/\/montserratcabre.com\/es\/columna-interactiva\/\" \/>\n<meta property=\"og:locale\" content=\"es_ES\" \/>\n<meta property=\"og:type\" content=\"article\" \/>\n<meta property=\"og:title\" content=\"Columna vertebral interactiva - Montserrat Cabr\u00e9\" \/>\n<meta property=\"og:description\" content=\"Toda afectaci\u00f3n vertebral necesita la valoraci\u00f3n y diagn\u00f3stico de un profesional por pautar un tratamiento El sistema nervioso coordina y controla todos los \u00f3rganos y las estructuras del cuerpo. Un [&hellip;]\" \/>\n<meta property=\"og:url\" content=\"https:\/\/montserratcabre.com\/es\/columna-interactiva\/\" \/>\n<meta property=\"og:site_name\" content=\"Montserrat Cabr\u00e9\" \/>\n<meta property=\"article:publisher\" content=\"https:\/\/www.facebook.com\/pages\/category\/Massage-Therapist\/Centre-dOsteopatia-i-Salut-Montserrat-Cabr-770326176510135\/\" \/>\n<meta property=\"article:modified_time\" content=\"2019-04-15T10:47:49+00:00\" \/>\n<meta name=\"twitter:card\" content=\"summary_large_image\" \/>\n<meta name=\"twitter:label1\" content=\"Tiempo de lectura\" \/>\n\t<meta name=\"twitter:data1\" content=\"1 minuto\" \/>\n<script type=\"application\/ld+json\" class=\"yoast-schema-graph\">{\"@context\":\"https:\/\/schema.org\",\"@graph\":[{\"@type\":\"WebPage\",\"@id\":\"https:\/\/montserratcabre.com\/es\/columna-interactiva\/\",\"url\":\"https:\/\/montserratcabre.com\/es\/columna-interactiva\/\",\"name\":\"Columna vertebral interactiva - Montserrat Cabr\u00e9\",\"isPartOf\":{\"@id\":\"https:\/\/montserratcabre.com\/es\/#website\"},\"datePublished\":\"2019-01-14T12:58:12+00:00\",\"dateModified\":\"2019-04-15T10:47:49+00:00\",\"breadcrumb\":{\"@id\":\"https:\/\/montserratcabre.com\/es\/columna-interactiva\/#breadcrumb\"},\"inLanguage\":\"es\",\"potentialAction\":[{\"@type\":\"ReadAction\",\"target\":[\"https:\/\/montserratcabre.com\/es\/columna-interactiva\/\"]}]},{\"@type\":\"BreadcrumbList\",\"@id\":\"https:\/\/montserratcabre.com\/es\/columna-interactiva\/#breadcrumb\",\"itemListElement\":[{\"@type\":\"ListItem\",\"position\":1,\"name\":\"Inici\",\"item\":\"https:\/\/montserratcabre.com\/es\/\"},{\"@type\":\"ListItem\",\"position\":2,\"name\":\"Columna vertebral interactiva\"}]},{\"@type\":\"WebSite\",\"@id\":\"https:\/\/montserratcabre.com\/es\/#website\",\"url\":\"https:\/\/montserratcabre.com\/es\/\",\"name\":\"Montserrat Cabr\u00e9\",\"description\":\"Osteopatia, fisioter\u00e0pia i nutrici\u00f3\",\"publisher\":{\"@id\":\"https:\/\/montserratcabre.com\/es\/#organization\"},\"potentialAction\":[{\"@type\":\"SearchAction\",\"target\":{\"@type\":\"EntryPoint\",\"urlTemplate\":\"https:\/\/montserratcabre.com\/es\/?s={search_term_string}\"},\"query-input\":\"required name=search_term_string\"}],\"inLanguage\":\"es\"},{\"@type\":\"Organization\",\"@id\":\"https:\/\/montserratcabre.com\/es\/#organization\",\"name\":\"Montserrat Cabr\u00e9\",\"url\":\"https:\/\/montserratcabre.com\/es\/\",\"sameAs\":[\"https:\/\/www.instagram.com\/osteopatiamontserratcabre\/\",\"https:\/\/www.facebook.com\/pages\/category\/Massage-Therapist\/Centre-dOsteopatia-i-Salut-Montserrat-Cabr-770326176510135\/\"],\"logo\":{\"@type\":\"ImageObject\",\"inLanguage\":\"es\",\"@id\":\"https:\/\/montserratcabre.com\/es\/#\/schema\/logo\/image\/\",\"url\":\"https:\/\/montserratcabre.com\/wp-content\/uploads\/2019\/10\/Montserrat-Cabr\u00e8-Rich.jpg\",\"contentUrl\":\"https:\/\/montserratcabre.com\/wp-content\/uploads\/2019\/10\/Montserrat-Cabr\u00e8-Rich.jpg\",\"width\":300,\"height\":300,\"caption\":\"Montserrat Cabr\u00e9\"},\"image\":{\"@id\":\"https:\/\/montserratcabre.com\/es\/#\/schema\/logo\/image\/\"}}]}<\/script>\n<!-- \/ Yoast SEO plugin. -->","yoast_head_json":{"title":"Columna vertebral interactiva - Montserrat Cabr\u00e9","robots":{"index":"index","follow":"follow","max-snippet":"max-snippet:-1","max-image-preview":"max-image-preview:large","max-video-preview":"max-video-preview:-1"},"canonical":"https:\/\/montserratcabre.com\/es\/columna-interactiva\/","og_locale":"es_ES","og_type":"article","og_title":"Columna vertebral interactiva - Montserrat Cabr\u00e9","og_description":"Toda afectaci\u00f3n vertebral necesita la valoraci\u00f3n y diagn\u00f3stico de un profesional por pautar un tratamiento El sistema nervioso coordina y controla todos los \u00f3rganos y las estructuras del cuerpo. Un [&hellip;]","og_url":"https:\/\/montserratcabre.com\/es\/columna-interactiva\/","og_site_name":"Montserrat Cabr\u00e9","article_publisher":"https:\/\/www.facebook.com\/pages\/category\/Massage-Therapist\/Centre-dOsteopatia-i-Salut-Montserrat-Cabr-770326176510135\/","article_modified_time":"2019-04-15T10:47:49+00:00","twitter_card":"summary_large_image","twitter_misc":{"Tiempo de lectura":"1 minuto"},"schema":{"@context":"https:\/\/schema.org","@graph":[{"@type":"WebPage","@id":"https:\/\/montserratcabre.com\/es\/columna-interactiva\/","url":"https:\/\/montserratcabre.com\/es\/columna-interactiva\/","name":"Columna vertebral interactiva - Montserrat Cabr\u00e9","isPartOf":{"@id":"https:\/\/montserratcabre.com\/es\/#website"},"datePublished":"2019-01-14T12:58:12+00:00","dateModified":"2019-04-15T10:47:49+00:00","breadcrumb":{"@id":"https:\/\/montserratcabre.com\/es\/columna-interactiva\/#breadcrumb"},"inLanguage":"es","potentialAction":[{"@type":"ReadAction","target":["https:\/\/montserratcabre.com\/es\/columna-interactiva\/"]}]},{"@type":"BreadcrumbList","@id":"https:\/\/montserratcabre.com\/es\/columna-interactiva\/#breadcrumb","itemListElement":[{"@type":"ListItem","position":1,"name":"Inici","item":"https:\/\/montserratcabre.com\/es\/"},{"@type":"ListItem","position":2,"name":"Columna vertebral interactiva"}]},{"@type":"WebSite","@id":"https:\/\/montserratcabre.com\/es\/#website","url":"https:\/\/montserratcabre.com\/es\/","name":"Montserrat Cabr\u00e9","description":"Osteopatia, fisioter\u00e0pia i nutrici\u00f3","publisher":{"@id":"https:\/\/montserratcabre.com\/es\/#organization"},"potentialAction":[{"@type":"SearchAction","target":{"@type":"EntryPoint","urlTemplate":"https:\/\/montserratcabre.com\/es\/?s={search_term_string}"},"query-input":"required name=search_term_string"}],"inLanguage":"es"},{"@type":"Organization","@id":"https:\/\/montserratcabre.com\/es\/#organization","name":"Montserrat Cabr\u00e9","url":"https:\/\/montserratcabre.com\/es\/","sameAs":["https:\/\/www.instagram.com\/osteopatiamontserratcabre\/","https:\/\/www.facebook.com\/pages\/category\/Massage-Therapist\/Centre-dOsteopatia-i-Salut-Montserrat-Cabr-770326176510135\/"],"logo":{"@type":"ImageObject","inLanguage":"es","@id":"https:\/\/montserratcabre.com\/es\/#\/schema\/logo\/image\/","url":"https:\/\/montserratcabre.com\/wp-content\/uploads\/2019\/10\/Montserrat-Cabr\u00e8-Rich.jpg","contentUrl":"https:\/\/montserratcabre.com\/wp-content\/uploads\/2019\/10\/Montserrat-Cabr\u00e8-Rich.jpg","width":300,"height":300,"caption":"Montserrat Cabr\u00e9"},"image":{"@id":"https:\/\/montserratcabre.com\/es\/#\/schema\/logo\/image\/"}}]}},"_links":{"self":[{"href":"https:\/\/montserratcabre.com\/es\/wp-json\/wp\/v2\/pages\/549\/"}],"collection":[{"href":"https:\/\/montserratcabre.com\/es\/wp-json\/wp\/v2\/pages\/"}],"about":[{"href":"https:\/\/montserratcabre.com\/es\/wp-json\/wp\/v2\/types\/page\/"}],"author":[{"embeddable":true,"href":"https:\/\/montserratcabre.com\/es\/wp-json\/wp\/v2\/users\/1\/"}],"replies":[{"embeddable":true,"href":"https:\/\/montserratcabre.com\/es\/wp-json\/wp\/v2\/comments\/?post=549"}],"version-history":[{"count":5,"href":"https:\/\/montserratcabre.com\/es\/wp-json\/wp\/v2\/pages\/549\/revisions\/"}],"predecessor-version":[{"id":578,"href":"https:\/\/montserratcabre.com\/es\/wp-json\/wp\/v2\/pages\/549\/revisions\/578\/"}],"wp:attachment":[{"href":"https:\/\/montserratcabre.com\/es\/wp-json\/wp\/v2\/media\/?parent=549"}],"curies":[{"name":"wp","href":"https:\/\/api.w.org\/{rel}","templated":true}]}}