{"id":602,"date":"2019-04-23T13:23:56","date_gmt":"2019-04-23T11:23:56","guid":{"rendered":"http:\/\/montserratcabre.es\/?page_id=602"},"modified":"2021-12-14T14:01:26","modified_gmt":"2021-12-14T12:01:26","slug":"politica-de-cookies","status":"publish","type":"page","link":"https:\/\/montserratcabre.com\/es\/politica-de-cookies\/","title":{"rendered":"Pol\u00edtica de cookies"},"content":{"rendered":"\n<p>Esta p\u00e1gina web usa cookies para mejorar la experiencia del usuario. A continuaci\u00f3n, encontrar\u00e1 informaci\u00f3n sobre qu\u00e9 son las cookies, qu\u00e9 tipo de cookies utiliza esta p\u00e1gina, c\u00f3mo puede desactivar las cookies en su navegador y c\u00f3mo desactivar espec\u00edficamente la instalaci\u00f3n de cookies de terceros. Si no encuentra la informaci\u00f3n espec\u00edfica que usted est\u00e1 buscando, por favor env\u00ede un correo a consulta@montserratcabre.com.<\/p>\n\n\n\n<p><strong>ANTECEDENTES<\/strong><\/p>\n\n\n\n<p>De conformidad con\nla normativa espa\u00f1ola que regula el uso de cookies en relaci\u00f3n a la prestaci\u00f3n\nde servicios de comunicaciones electr\u00f3nicas, recogida en el Real Decreto Ley\n13\/2012 del 30 de marzo, le informamos sobre las cookies utilizadas en el sitio\nweb de <strong>MONTSERRAT CABR\u00c9 ESTEVE <\/strong>&nbsp;(tambi\u00e9n el prestador) y el motivo de su uso.\nAsimismo, le informa de que al navegar en el Sitio Web usted est\u00e1 prestando su\nconsentimiento para poder utilizarlas.<\/p>\n\n\n\n<p><strong>\u00bfQU\u00c9 SON LAS\nCOOKIES?<\/strong><\/p>\n\n\n\n<p>Una cookie es un\nfichero que se descarga en su ordenador al acceder a determinadas p\u00e1ginas web.\nLas cookies permiten a una p\u00e1gina web, entre otras cosas, almacenar y recuperar\ninformaci\u00f3n sobre los h\u00e1bitos de navegaci\u00f3n de un usuario o de su equipo y,\ndependiendo de la informaci\u00f3n que contengan y de la forma en que utilice su\nequipo, pueden utilizarse para reconocer al usuario. Las cookies se asocian\n\u00fanicamente a un usuario an\u00f3nimo y su ordenador \u00f3 dispositivo y no proporcionan\nreferencias que permitan conocer sus datos personales.<\/p>\n\n\n\n<p><strong>COOKIES\nAFECTADAS PER LA NORMATIVA Y COOKIES EXENTAS<\/strong><\/p>\n\n\n\n<p>Seg\u00fan la directiva\nde la UE, las cookies que requieren el consentimiento informado por parte del\nusuario son las cookies de anal\u00edtica y las de publicidad y afiliaci\u00f3n, quedando\nexceptuadas las de car\u00e1cter t\u00e9cnico y las necesarias para el funcionamiento del\nsitio web o la prestaci\u00f3n de servicios expresamente demandados por el usuario.<\/p>\n\n\n\n<p><strong>TIPOS DE\nCOOKIES<\/strong><\/p>\n\n\n\n<ol><li>Seg\u00fan la <strong>entidad<\/strong> que las gestione, hay <strong>Cookies\npropias<\/strong> (aqu\u00e9llas que se env\u00edan al equipo terminal del usuario desde un\nequipo o dominio gestionado por el propio editor y desde el que se presta el\nservicio Solicitado por el usuario) y <strong>de\nterceros<\/strong> (las que se env\u00edan al equipo terminal del usuario desde un equipo\no dominio que no es gestionado por el editor, sino por otra entidad que trata\nlos datos obtenidos trav\u00e9s de las cookies).<\/li><li>Seg\u00fan el <strong>tiempo<\/strong> que permanecen activas, existen las de <strong>sesi\u00f3n<\/strong> (dise\u00f1adas para recabar y almacenar datos mientras el\nusuario accede a una p\u00e1gina web) y las <strong>persistentes<\/strong>\n(en las que los datos se almacenan en el terminal y pueden ser accedidos y\ntratados durante un periodo definido por el responsable de la cookie -puede ir\nde unos minutos a varios a\u00f1os-).<\/li><li>Seg\u00fan la <strong>finalidad<\/strong> para la que traten la informaci\u00f3n que recopilan, pueden\nser:<\/li><\/ol>\n\n\n\n<ul><li><strong>Cookies t\u00e9cnicas<\/strong> (necesarias para el uso de la\nweb y la prestaci\u00f3n del servicio contratado), <\/li><li><strong>Cookies de personalizaci\u00f3n<\/strong> (que permiten al\nusuario acceder al servicio con caracter\u00edsticas predefinidas, como por ejemplo\nel idioma, tipo de navegador, configuraci\u00f3n regional, etc.)<\/li><li><strong>Cookies de an\u00e1lisis<\/strong> (recogen informaci\u00f3n el\nuso que se realiza de la web),<\/li><li><strong>Cookies publicitarias<\/strong> (recogen informaci\u00f3n\nsobre las preferencias y elecciones personales de los usuarios),<\/li><li><strong>Cookies de afiliados<\/strong> (permiten realizar un\nseguimiento de las visitas procedentes de otras webs, con las que el sitio web\nestablece un contrato de afiliaci\u00f3n).<\/li><\/ul>\n\n\n\n<p><strong>TIPOS DE\nCOOKIES UTILIZADAS POR ESTE SITIO WEB<\/strong><\/p>\n\n\n\n<p>Las cookies\nutilizadas en nuestro sitio web son de sesi\u00f3n y de terceros, y nos permiten\nalmacenar y acceder a informaci\u00f3n relativa al idioma, el tipo de navegador\nutilizado, y otras caracter\u00edsticas generales predefinidas por el usuario, as\u00ed\ncomo seguir y analizar la actividad que lleva a cabo para mejorar y prestar\nnuestros servicios de una manera m\u00e1s eficiente y personalizada. Las cookies\nusadas tienen, en todo caso, car\u00e1cter temporal, con la \u00fanica finalidad de hacer\nm\u00e1s eficaz la navegaci\u00f3n. En ning\u00fan caso estas cookies proporcionan por s\u00ed\nmismas datos de car\u00e1cter personal y no se usan para la recogida de los mismos.<\/p>\n\n\n\n<p>La utilizaci\u00f3n de\nlas cookies ofrece ventajas, como por ejemplo:<\/p>\n\n\n\n<ul><li>facilita al usuario la navegaci\u00f3n\ny el acceso a los diferentes servicios que ofrece este sitio web; <\/li><li>evita al usuario tener que\nconfigurar las caracter\u00edsticas generales predefinidas cada vez que accede al\nsitio web; y <\/li><li>favorece la mejora del\nfuncionamiento y de los servicios prestados a trav\u00e9s de este sitio web, tras el\ncorrespondiente an\u00e1lisis de la informaci\u00f3n obtenida a trav\u00e9s de las cookies\ninstaladas.<\/li><\/ul>\n\n\n\n<p>Al acceder a\nnuestra web se le informa que si sigue navegando se le instalar\u00e1n diversas\ncookies de terceros consintiendo as\u00ed la instalaci\u00f3n de determinadas cookies que\ntendr\u00e1n como \u00fanica finalidad la de registrar el acceso a nuestro sitio web para\nla realizaci\u00f3n de estad\u00edsticas an\u00f3nimas sobre las visitas, recopilando\ninformaci\u00f3n siempre de forma an\u00f3nima. No es necesario que acepte la instalaci\u00f3n\nde estas cookies, podr\u00e1 navegar igualmente por toda nuestra web.<\/p>\n\n\n\n<p>En diversas\nsecciones de nuestra web se podr\u00e1n instalar cookies de redes sociales, en\nconcreto las siguientes:<\/p>\n\n\n\n<ul><li>Cookie de Twitter, seg\u00fan lo dispuesto en su pol\u00edtica de privacidad\n     y uso de cookies.<\/li><li>Cookie de Facebook, seg\u00fan lo dispuesto en su pol\u00edtica de cookies.<\/li><li>Google Maps, seg\u00fan lo dispuesto en su p\u00e1gina sobre qu\u00e9 tipo de\n     cookies utilizan.<\/li><\/ul>\n\n\n\n<figure class=\"wp-block-table\"><table><tbody><tr><td>\n  <strong>Nombre<\/strong>\n  <\/td><td>\n  <strong>Tipo<\/strong>\n  <\/td><td>\n  <strong>Caducidad<\/strong>\n  <\/td><td>\n  <strong>Finalidad<\/strong>\n  <\/td><td>\n  <strong>Clase<\/strong>\n  <\/td><\/tr><tr><td>\n  1P_JAR\n  <\/td><td>\n  Terceros\n  <\/td><td>\n  1 mes\n  <\/td><td>\n  Transfiere datos a Google.\n  <\/td><td>\n  Anal\u00edtica\n  <\/td><\/tr><tr><td>\n  NID\n  <\/td><td>\n  Terceros\n  <\/td><td>\n  6 meses\n  <\/td><td>\n  Se utiliza para recordar las b\u00fasquedas m\u00e1s recientes,\n  las interacciones anteriores y las visitas al sitio web.\n  <\/td><td>\n  Anal\u00edtica\n  <\/td><\/tr><tr><td>\n  OTZ\n  <\/td><td>\n  Terceros\n  <\/td><td>\n  1 d\u00eda\n  <\/td><td>\n  Se utiliza para personalizar los anuncios que se\n  muestran en los servicios de Google, podr\u00e1 transmitir esta informaci\u00f3n a\n  terceros cuando as\u00ed sea requerido por la legislaci\u00f3n, o cuando estos terceros\n  transmitan informaci\u00f3n por cuenta de Google.\n  <\/td><td>\n  Anal\u00edtica\n  <\/td><\/tr><tr><td>\n  DV\n  <\/td><td>\n  Terceros\n  <\/td><td>\n  Sesi\u00f3n\n  <\/td><td>\n  Almacenan informaci\u00f3n, identificadores y preferencias\n  relacionados con Google\n  <\/td><td>\n  Anal\u00edtica\n  <\/td><\/tr><tr><td>\n  APISID;\n  HSID; SSID; SAPISID; SID\n  <\/td><td>\n  Terceros\n  <\/td><td>\n  2 a\u00f1os\n  <\/td><td>\n  Se utilizan para la carga de Google Maps. \n  <\/td><td>\n  T\u00e9cnica\n  <\/td><\/tr><tr><td>\n  CONSENT\n  <\/td><td>\n  Terceros\n  <\/td><td>\n  19 a\u00f1os\n  <\/td><td>\n  Son cookies asociadas a los servicios de Google, como\n  Googlemaps. Estas cookies no las generamos nosotros directamente. Entre otras\n  cosas permite la geolocalizaci\u00f3n de nuestro centro de trabajo en la secci\u00f3n\n  correspondiente de este sitio web\n  <\/td><td>\n  T\u00e9cnica\n  <\/td><\/tr><tr><td>\n  SIDCC\n  <\/td><td>\n  Terceros\n  <\/td><td>\n  3 meses\n  <\/td><td>\n  Es utilizada por Google para proveer servicios y\n  extraer informaci\u00f3n an\u00f3nima sobre la navegaci\u00f3n.\n  <\/td><td>\n  T\u00e9cnica\n  <\/td><\/tr><tr><td>\n  Cookie_notice_accepted\n  <\/td><td>\n  Propia\n  <\/td><td>\n  1 mes\n  <\/td><td>\n  Se usa para almacenar su aceptaci\u00f3n de nuestra\n  pol\u00edtica de cookies.\n  <\/td><td>\n  T\u00e9cnica\n  <\/td><\/tr><\/tbody><\/table><\/figure>\n\n\n\n<p><strong>REVOCACI\u00d3N<\/strong><\/p>\n\n\n\n<p>En todo momento\npodr\u00e1 acceder a la configuraci\u00f3n de su navegador aceptando o rechazando todas\nlas cookies, o bien seleccionar aqu\u00e9llas cuya instalaci\u00f3n admite y cu\u00e1les no,\nsiguiendo uno de los siguientes procedimientos, que depende del navegador que\nutilice:<\/p>\n\n\n\n<ul><li><strong>Google Chrome<\/strong> (en el Men\u00fa Herramientas):<\/li><\/ul>\n\n\n\n<p>Configuraci\u00f3n\n&gt; Mostrar opciones avanzadas &gt; Privacidad (Configuraci\u00f3n de contenido)\n&gt; Cookies: https:\/\/support.google.com\/chrome\/answer\/95647?co=GENIE.Platform%3DDesktopandhl=es<\/p>\n\n\n\n<ul><li><strong>Microsoft Internet\n     Explorer<\/strong> (en el Men\u00fa Herramientas):<\/li><\/ul>\n\n\n\n<p>Opciones\nde Internet &gt; Privacidad &gt; Avanzada:\nhttps:\/\/support.microsoft.com\/es-es\/help\/17442\/windows-internet-explorer-delete-manage-cookies<\/p>\n\n\n\n<ul><li><strong>Firefox:<\/strong><\/li><\/ul>\n\n\n\n<p>Opciones\n&gt; Privacidad &gt; Cookies:\nhttps:\/\/support.mozilla.org\/es\/kb\/habilitar-y-deshabilitar-cookies-sitios-web-rastrear-preferencias<\/p>\n\n\n\n<ul><li><strong>Safari, iPad y iPhone:<\/strong><\/li><\/ul>\n\n\n\n<p>Preferencias\n&gt; Privacidad: https:\/\/support.apple.com\/kb\/ph21411?locale=es_ES<\/p>\n\n\n\n<ul><li><strong>Opera:<\/strong><\/li><\/ul>\n\n\n\n<p>Configuraci\u00f3n\n&gt; Opciones &gt; Avanzado &gt; Cookies:\nhttp:\/\/help.opera.com\/Windows\/12.00\/es-ES\/cookies.html<\/p>\n\n\n\n<p>Estos navegadores\nest\u00e1n sometidos a actualizaciones o modificaciones, por lo que no podemos\ngarantizar que se ajusten completamente a la versi\u00f3n de su navegador. Tambi\u00e9n\npuede ser que utilice otro navegador no contemplado en estos enlaces como\nKonqueror, Arora, Flock, etc. Para evitar estos desajustes, puede acceder\ndirectamente desde las opciones de su navegador, generalmente en el men\u00fa de&nbsp; \u00abOpciones\u00bb en la secci\u00f3n de \u00abPrivacidad\u00bb.\n(Por favor, consulte la ayuda de su navegador para m\u00e1s informaci\u00f3n).<\/p>\n\n\n\n<p><strong>DESACTIVACI\u00d3N\/ACTIVACI\u00d3N\nY ELIMINACI\u00d3N DE COOKIES<\/strong><\/p>\n\n\n\n<p>Para restringir o\nbloquear las cookies, se hace a trav\u00e9s de la configuraci\u00f3n del navegador.<\/p>\n\n\n\n<p>Si no desea que los\nsitios web pongan ninguna cookie en su equipo, puede adaptar la configuraci\u00f3n\ndel navegador de modo que se le notifique antes de que se coloque ninguna\ncookie. De igual modo, puede adaptar la configuraci\u00f3n de forma que el navegador\nrechace todas las cookies, o \u00fanicamente las cookies de terceros. Tambi\u00e9n puede\neliminar cualquiera de las cookies que ya se encuentren en el equipo. Tenga en\ncuenta que tendr\u00e1 que adaptar por separado la configuraci\u00f3n de cada navegador y\nequipo que utilice.<\/p>\n\n\n\n<p>Tenga en cuenta que\nsi no desea recibir cookies, ya no podremos garantizar que nuestro sitio web\nfuncione debidamente. Puede que algunas funciones del sitio se pierdan y es\nposible que ya no pueda ver ciertos sitios web. Adem\u00e1s, rechazar las cookies no\nsignifica que ya no vaya a ver anuncios publicitarios. Simplemente los anuncios\nno se ajustar\u00e1n a sus intereses y se repetir\u00e1n con m\u00e1s frecuencia.<\/p>\n\n\n\n<p>Cada navegador\nposee un m\u00e9todo distinto para adaptar la configuraci\u00f3n. Si fuera necesario,\nconsulte la funci\u00f3n de ayuda del navegador para establecer la configuraci\u00f3n\ncorrecta.<\/p>\n\n\n\n<p>Para desactivar las\ncookies en el tel\u00e9fono m\u00f3vil, consulte el manual del dispositivo para obtener\nm\u00e1s informaci\u00f3n.<\/p>\n\n\n\n<p>Puede obtener m\u00e1s\ninformaci\u00f3n sobre las cookies en Internet, http:\/\/www.aboutcookies.org\/.<\/p>\n\n\n\n<p>Teniendo en cuenta\nla forma en la que funciona Internet y los sitios web, no siempre contamos con\ninformaci\u00f3n de las cookies que colocan terceras partes a trav\u00e9s de nuestro\nsitio web. Esto se aplica especialmente a casos en los que nuestra p\u00e1gina web\ncontiene lo que se denominan elementos integrados: textos, documentos, im\u00e1genes\no breves pel\u00edculas que se almacenan en otra parte, pero se muestran en nuestro\nsitio web o a trav\u00e9s del mismo.<\/p>\n\n\n\n<p>Por consiguiente,\nen caso de que se encuentre con este tipo de cookies en este sitio web y no\nest\u00e9n enumeradas en la lista anterior, le rogamos que nos lo comunique. O bien\np\u00f3ngase en contacto directamente con el tercero para pedirle informaci\u00f3n sobre\nlas cookies que coloca, la finalidad y la duraci\u00f3n de la cookie, y c\u00f3mo ha\ngarantizado su privacidad.<\/p>\n","protected":false},"excerpt":{"rendered":"<p>Esta p\u00e1gina web usa cookies para mejorar la experiencia del usuario. A continuaci\u00f3n, encontrar\u00e1 informaci\u00f3n sobre qu\u00e9 son las cookies, qu\u00e9 tipo de cookies utiliza esta p\u00e1gina, c\u00f3mo puede desactivar [&hellip;]<\/p>\n","protected":false},"author":1,"featured_media":0,"parent":0,"menu_order":0,"comment_status":"closed","ping_status":"closed","template":"","meta":{"inline_featured_image":false,"_joinchat":[]},"yoast_head":"<!-- This site is optimized with the Yoast SEO plugin v19.7.1 - https:\/\/yoast.com\/wordpress\/plugins\/seo\/ -->\n<title>Pol\u00edtica de cookies - Montserrat Cabr\u00e9<\/title>\n<meta name=\"robots\" content=\"index, follow, max-snippet:-1, max-image-preview:large, max-video-preview:-1\" \/>\n<link rel=\"canonical\" href=\"https:\/\/montserratcabre.com\/es\/politica-de-cookies\/\" \/>\n<meta property=\"og:locale\" content=\"es_ES\" \/>\n<meta property=\"og:type\" content=\"article\" \/>\n<meta property=\"og:title\" content=\"Pol\u00edtica de cookies - Montserrat Cabr\u00e9\" \/>\n<meta property=\"og:description\" content=\"Esta p\u00e1gina web usa cookies para mejorar la experiencia del usuario. A continuaci\u00f3n, encontrar\u00e1 informaci\u00f3n sobre qu\u00e9 son las cookies, qu\u00e9 tipo de cookies utiliza esta p\u00e1gina, c\u00f3mo puede desactivar [&hellip;]\" \/>\n<meta property=\"og:url\" content=\"https:\/\/montserratcabre.com\/es\/politica-de-cookies\/\" \/>\n<meta property=\"og:site_name\" content=\"Montserrat Cabr\u00e9\" \/>\n<meta property=\"article:publisher\" content=\"https:\/\/www.facebook.com\/pages\/category\/Massage-Therapist\/Centre-dOsteopatia-i-Salut-Montserrat-Cabr-770326176510135\/\" \/>\n<meta property=\"article:modified_time\" content=\"2021-12-14T12:01:26+00:00\" \/>\n<meta name=\"twitter:card\" content=\"summary_large_image\" \/>\n<meta name=\"twitter:label1\" content=\"Tiempo de lectura\" \/>\n\t<meta name=\"twitter:data1\" content=\"9 minutos\" \/>\n<script type=\"application\/ld+json\" class=\"yoast-schema-graph\">{\"@context\":\"https:\/\/schema.org\",\"@graph\":[{\"@type\":\"WebPage\",\"@id\":\"https:\/\/montserratcabre.com\/es\/politica-de-cookies\/\",\"url\":\"https:\/\/montserratcabre.com\/es\/politica-de-cookies\/\",\"name\":\"Pol\u00edtica de cookies - Montserrat Cabr\u00e9\",\"isPartOf\":{\"@id\":\"https:\/\/montserratcabre.com\/es\/#website\"},\"datePublished\":\"2019-04-23T11:23:56+00:00\",\"dateModified\":\"2021-12-14T12:01:26+00:00\",\"breadcrumb\":{\"@id\":\"https:\/\/montserratcabre.com\/es\/politica-de-cookies\/#breadcrumb\"},\"inLanguage\":\"es\",\"potentialAction\":[{\"@type\":\"ReadAction\",\"target\":[\"https:\/\/montserratcabre.com\/es\/politica-de-cookies\/\"]}]},{\"@type\":\"BreadcrumbList\",\"@id\":\"https:\/\/montserratcabre.com\/es\/politica-de-cookies\/#breadcrumb\",\"itemListElement\":[{\"@type\":\"ListItem\",\"position\":1,\"name\":\"Inici\",\"item\":\"https:\/\/montserratcabre.com\/es\/\"},{\"@type\":\"ListItem\",\"position\":2,\"name\":\"Pol\u00edtica de cookies\"}]},{\"@type\":\"WebSite\",\"@id\":\"https:\/\/montserratcabre.com\/es\/#website\",\"url\":\"https:\/\/montserratcabre.com\/es\/\",\"name\":\"Montserrat Cabr\u00e9\",\"description\":\"Osteopatia, fisioter\u00e0pia i nutrici\u00f3\",\"publisher\":{\"@id\":\"https:\/\/montserratcabre.com\/es\/#organization\"},\"potentialAction\":[{\"@type\":\"SearchAction\",\"target\":{\"@type\":\"EntryPoint\",\"urlTemplate\":\"https:\/\/montserratcabre.com\/es\/?s={search_term_string}\"},\"query-input\":\"required name=search_term_string\"}],\"inLanguage\":\"es\"},{\"@type\":\"Organization\",\"@id\":\"https:\/\/montserratcabre.com\/es\/#organization\",\"name\":\"Montserrat Cabr\u00e9\",\"url\":\"https:\/\/montserratcabre.com\/es\/\",\"sameAs\":[\"https:\/\/www.instagram.com\/osteopatiamontserratcabre\/\",\"https:\/\/www.facebook.com\/pages\/category\/Massage-Therapist\/Centre-dOsteopatia-i-Salut-Montserrat-Cabr-770326176510135\/\"],\"logo\":{\"@type\":\"ImageObject\",\"inLanguage\":\"es\",\"@id\":\"https:\/\/montserratcabre.com\/es\/#\/schema\/logo\/image\/\",\"url\":\"https:\/\/montserratcabre.com\/wp-content\/uploads\/2019\/10\/Montserrat-Cabr\u00e8-Rich.jpg\",\"contentUrl\":\"https:\/\/montserratcabre.com\/wp-content\/uploads\/2019\/10\/Montserrat-Cabr\u00e8-Rich.jpg\",\"width\":300,\"height\":300,\"caption\":\"Montserrat Cabr\u00e9\"},\"image\":{\"@id\":\"https:\/\/montserratcabre.com\/es\/#\/schema\/logo\/image\/\"}}]}<\/script>\n<!-- \/ Yoast SEO plugin. -->","yoast_head_json":{"title":"Pol\u00edtica de cookies - Montserrat Cabr\u00e9","robots":{"index":"index","follow":"follow","max-snippet":"max-snippet:-1","max-image-preview":"max-image-preview:large","max-video-preview":"max-video-preview:-1"},"canonical":"https:\/\/montserratcabre.com\/es\/politica-de-cookies\/","og_locale":"es_ES","og_type":"article","og_title":"Pol\u00edtica de cookies - Montserrat Cabr\u00e9","og_description":"Esta p\u00e1gina web usa cookies para mejorar la experiencia del usuario. A continuaci\u00f3n, encontrar\u00e1 informaci\u00f3n sobre qu\u00e9 son las cookies, qu\u00e9 tipo de cookies utiliza esta p\u00e1gina, c\u00f3mo puede desactivar [&hellip;]","og_url":"https:\/\/montserratcabre.com\/es\/politica-de-cookies\/","og_site_name":"Montserrat Cabr\u00e9","article_publisher":"https:\/\/www.facebook.com\/pages\/category\/Massage-Therapist\/Centre-dOsteopatia-i-Salut-Montserrat-Cabr-770326176510135\/","article_modified_time":"2021-12-14T12:01:26+00:00","twitter_card":"summary_large_image","twitter_misc":{"Tiempo de lectura":"9 minutos"},"schema":{"@context":"https:\/\/schema.org","@graph":[{"@type":"WebPage","@id":"https:\/\/montserratcabre.com\/es\/politica-de-cookies\/","url":"https:\/\/montserratcabre.com\/es\/politica-de-cookies\/","name":"Pol\u00edtica de cookies - Montserrat Cabr\u00e9","isPartOf":{"@id":"https:\/\/montserratcabre.com\/es\/#website"},"datePublished":"2019-04-23T11:23:56+00:00","dateModified":"2021-12-14T12:01:26+00:00","breadcrumb":{"@id":"https:\/\/montserratcabre.com\/es\/politica-de-cookies\/#breadcrumb"},"inLanguage":"es","potentialAction":[{"@type":"ReadAction","target":["https:\/\/montserratcabre.com\/es\/politica-de-cookies\/"]}]},{"@type":"BreadcrumbList","@id":"https:\/\/montserratcabre.com\/es\/politica-de-cookies\/#breadcrumb","itemListElement":[{"@type":"ListItem","position":1,"name":"Inici","item":"https:\/\/montserratcabre.com\/es\/"},{"@type":"ListItem","position":2,"name":"Pol\u00edtica de cookies"}]},{"@type":"WebSite","@id":"https:\/\/montserratcabre.com\/es\/#website","url":"https:\/\/montserratcabre.com\/es\/","name":"Montserrat Cabr\u00e9","description":"Osteopatia, fisioter\u00e0pia i nutrici\u00f3","publisher":{"@id":"https:\/\/montserratcabre.com\/es\/#organization"},"potentialAction":[{"@type":"SearchAction","target":{"@type":"EntryPoint","urlTemplate":"https:\/\/montserratcabre.com\/es\/?s={search_term_string}"},"query-input":"required name=search_term_string"}],"inLanguage":"es"},{"@type":"Organization","@id":"https:\/\/montserratcabre.com\/es\/#organization","name":"Montserrat Cabr\u00e9","url":"https:\/\/montserratcabre.com\/es\/","sameAs":["https:\/\/www.instagram.com\/osteopatiamontserratcabre\/","https:\/\/www.facebook.com\/pages\/category\/Massage-Therapist\/Centre-dOsteopatia-i-Salut-Montserrat-Cabr-770326176510135\/"],"logo":{"@type":"ImageObject","inLanguage":"es","@id":"https:\/\/montserratcabre.com\/es\/#\/schema\/logo\/image\/","url":"https:\/\/montserratcabre.com\/wp-content\/uploads\/2019\/10\/Montserrat-Cabr\u00e8-Rich.jpg","contentUrl":"https:\/\/montserratcabre.com\/wp-content\/uploads\/2019\/10\/Montserrat-Cabr\u00e8-Rich.jpg","width":300,"height":300,"caption":"Montserrat Cabr\u00e9"},"image":{"@id":"https:\/\/montserratcabre.com\/es\/#\/schema\/logo\/image\/"}}]}},"_links":{"self":[{"href":"https:\/\/montserratcabre.com\/es\/wp-json\/wp\/v2\/pages\/602\/"}],"collection":[{"href":"https:\/\/montserratcabre.com\/es\/wp-json\/wp\/v2\/pages\/"}],"about":[{"href":"https:\/\/montserratcabre.com\/es\/wp-json\/wp\/v2\/types\/page\/"}],"author":[{"embeddable":true,"href":"https:\/\/montserratcabre.com\/es\/wp-json\/wp\/v2\/users\/1\/"}],"replies":[{"embeddable":true,"href":"https:\/\/montserratcabre.com\/es\/wp-json\/wp\/v2\/comments\/?post=602"}],"version-history":[{"count":3,"href":"https:\/\/montserratcabre.com\/es\/wp-json\/wp\/v2\/pages\/602\/revisions\/"}],"predecessor-version":[{"id":1657,"href":"https:\/\/montserratcabre.com\/es\/wp-json\/wp\/v2\/pages\/602\/revisions\/1657\/"}],"wp:attachment":[{"href":"https:\/\/montserratcabre.com\/es\/wp-json\/wp\/v2\/media\/?parent=602"}],"curies":[{"name":"wp","href":"https:\/\/api.w.org\/{rel}","templated":true}]}}